{"id":75,"date":"2020-09-17T15:59:25","date_gmt":"2020-09-17T06:59:25","guid":{"rendered":"https:\/\/ots06.co.jp\/odv\/vi\/?page_id=75"},"modified":"2021-05-19T14:46:52","modified_gmt":"2021-05-19T05:46:52","slug":"contact","status":"publish","type":"page","link":"https:\/\/ots06.co.jp\/odv\/vi\/contact\/","title":{"rendered":"Li\u00ean h\u1ec7"},"content":{"rendered":"<p class=\"has-small-font-size\">Xin vui l\u00f2ng \u0111i\u1ec1n chi ti\u1ebft b\u00ean d\u01b0\u1edbi. C\u00e1c m\u1ee5c c\u00f3 d\u1ea5u<span style=\"color: #f00;\" class=\"tadv-color\"><strong> *<\/strong><\/span> l\u00e0 n\u1ed9i dung b\u1eaft bu\u1ed9c<\/p>\n<p>&nbsp;<\/p>\n\n<div class=\"wpcf7 no-js\" id=\"wpcf7-f74-o1\" lang=\"ja\" dir=\"ltr\" data-wpcf7-id=\"74\">\n<div class=\"screen-reader-response\"><p role=\"status\" aria-live=\"polite\" aria-atomic=\"true\"><\/p> <ul><\/ul><\/div>\n<form action=\"\/odv\/vi\/wp-json\/wp\/v2\/pages\/75#wpcf7-f74-o1\" method=\"post\" class=\"wpcf7-form init\" aria-label=\"\u30b3\u30f3\u30bf\u30af\u30c8\u30d5\u30a9\u30fc\u30e0\" novalidate=\"novalidate\" data-status=\"init\">\n<fieldset class=\"hidden-fields-container\"><input type=\"hidden\" name=\"_wpcf7\" value=\"74\" \/><input type=\"hidden\" name=\"_wpcf7_version\" value=\"6.1\" \/><input type=\"hidden\" name=\"_wpcf7_locale\" value=\"ja\" \/><input type=\"hidden\" name=\"_wpcf7_unit_tag\" value=\"wpcf7-f74-o1\" \/><input type=\"hidden\" name=\"_wpcf7_container_post\" value=\"0\" \/><input type=\"hidden\" name=\"_wpcf7_posted_data_hash\" value=\"\" \/><input type=\"hidden\" name=\"_wpcf7_recaptcha_response\" value=\"\" \/>\n<\/fieldset>\n<table class=\"inquiry\" style=\"width: 100%;\">\n\t<tbody>\n\t\t<tr>\n\t\t\t<th style=\"width: 25%;\">\n\t\t\t\t<p><span style=\"font-size: 10pt;\">T\u00ean Qu\u00fd kh\u00e1ch <\/span><span style=\"font-size: 10pt; color: #ff0000;\">*<\/span>\n\t\t\t\t<\/p>\n\t\t\t<\/th>\n\t\t\t<td style=\"width: 65%; border-right: Hidden;\">\n\t\t\t\t<p><span class=\"wpcf7-form-control-wrap\" data-name=\"your-name\"><input size=\"40\" maxlength=\"400\" class=\"wpcf7-form-control wpcf7-text wpcf7-validates-as-required\" aria-required=\"true\" aria-invalid=\"false\" value=\"\" type=\"text\" name=\"your-name\" \/><\/span>\n\t\t\t\t<\/p>\n\t\t\t<\/td>\n\t\t\t<td style=\"width: 25%;\">\n\t\t\t<\/td>\n\t\t<\/tr>\n\t\t<tr>\n\t\t\t<th style=\"width: 20%;\">\n\t\t\t\t<p><span><span style=\"font-size: 10pt;\">\u0110\u1ecba ch\u1ec9 email <\/span><span style=\"font-size: 10pt; color: #ff0000;\">*<\/span><\/span>\n\t\t\t\t<\/p>\n\t\t\t<\/th>\n\t\t\t<td style=\"width: 65%; border-right: Hidden;\">\n\t\t\t\t<p><span class=\"wpcf7-form-control-wrap\" data-name=\"your-email\"><input size=\"40\" maxlength=\"400\" class=\"wpcf7-form-control wpcf7-email wpcf7-validates-as-required wpcf7-text wpcf7-validates-as-email\" aria-required=\"true\" aria-invalid=\"false\" value=\"\" type=\"email\" name=\"your-email\" \/><\/span>\n\t\t\t\t<\/p>\n\t\t\t<\/td>\n\t\t\t<td style=\"width: 25%;\">\n\t\t\t<\/td>\n\t\t<\/tr>\n\t\t<tr>\n\t\t\t<th style=\"width: 20%;\">\n\t\t\t\t<p><span><span style=\"font-size: 10pt;\">S\u1ed1 \u0111i\u1ec7n tho\u1ea1i <\/span><span style=\"font-size: 10pt; color: #ff0000;\">*<\/span><\/span>\n\t\t\t\t<\/p>\n\t\t\t<\/th>\n\t\t\t<td style=\"width: 65%; border-right: Hidden;\">\n\t\t\t\t<p><span class=\"wpcf7-form-control-wrap\" data-name=\"your-tel\"><input size=\"40\" maxlength=\"400\" class=\"wpcf7-form-control wpcf7-tel wpcf7-validates-as-required wpcf7-text wpcf7-validates-as-tel\" aria-required=\"true\" aria-invalid=\"false\" value=\"\" type=\"tel\" name=\"your-tel\" \/><\/span>\n\t\t\t\t<\/p>\n\t\t\t<\/td>\n\t\t\t<td style=\"width: 25%;\">\n\t\t\t<\/td>\n\t\t<\/tr>\n\t\t<tr>\n\t\t\t<th style=\"width: 20%;\">\n\t\t\t\t<p><span><span style=\"font-size: 10pt;\">T\u00ean c\u00f4ng ty <\/span><span style=\"font-size: 10pt; color: #ff0000;\">*<\/span><\/span>\n\t\t\t\t<\/p>\n\t\t\t<\/th>\n\t\t\t<td colspan=\"2\" border-right: Hidden;\">\n\t\t\t\t<p><span class=\"wpcf7-form-control-wrap\" data-name=\"your-company\"><input size=\"40\" maxlength=\"400\" class=\"wpcf7-form-control wpcf7-text wpcf7-validates-as-required\" aria-required=\"true\" aria-invalid=\"false\" value=\"\" type=\"text\" name=\"your-company\" \/><\/span>\n\t\t\t\t<\/p>\n\t\t\t<\/td>\n\t\t<\/tr>\n\t\t<tr>\n\t\t\t<th style=\"width: 20%;\">\n\t\t\t\t<p><span style=\"font-size: 10pt;\">Ph\u00f2ng ban <\/span><span style=\"color: #0000ff;\"><br \/>\n<\/span>\n\t\t\t\t<\/p>\n\t\t\t<\/th>\n\t\t\t<td colspan=\"2\" border-right: Hidden;\">\n\t\t\t\t<p><span class=\"wpcf7-form-control-wrap\" data-name=\"your-division\"><input size=\"40\" maxlength=\"400\" class=\"wpcf7-form-control wpcf7-text\" aria-invalid=\"false\" value=\"\" type=\"text\" name=\"your-division\" \/><\/span>\n\t\t\t\t<\/p>\n\t\t\t<\/td>\n\t\t<\/tr>\n\t\t<tr>\n\t\t\t<th style=\"width: 20%;\">\n\t\t\t\t<p><span><span style=\"font-size: 10pt;\">H\u1ea1ng m\u1ee5c li\u00ean h\u1ec7 <\/span> <span style=\"font-size: 10pt; color: #ff0000;\">*<\/span><\/span>\n\t\t\t\t<\/p>\n\t\t\t<\/th>\n\t\t\t<td colspan=\"2\" border-right: Hidden;\">\n\t\t\t\t<p><span class=\"wpcf7-form-control-wrap\" data-name=\"radio-2\"><span class=\"wpcf7-form-control wpcf7-radio verticallist radio2\"><span class=\"wpcf7-list-item first\"><label><input type=\"radio\" name=\"radio-2\" value=\"Thi\u1ebft k\u1ebf\" checked=\"checked\" \/><span class=\"wpcf7-list-item-label\">Thi\u1ebft k\u1ebf<\/span><\/label><\/span><span class=\"wpcf7-list-item\"><label><input type=\"radio\" name=\"radio-2\" value=\"M\u00e1y thi\u1ebft b\u1ecb, \u0111\u1ed3 g\u00e1\" \/><span class=\"wpcf7-list-item-label\">M\u00e1y thi\u1ebft b\u1ecb, \u0111\u1ed3 g\u00e1<\/span><\/label><\/span><span class=\"wpcf7-list-item\"><label><input type=\"radio\" name=\"radio-2\" value=\"B\u1ea3o tr\u00ec\" \/><span class=\"wpcf7-list-item-label\">B\u1ea3o tr\u00ec<\/span><\/label><\/span><span class=\"wpcf7-list-item last\"><label><input type=\"radio\" name=\"radio-2\" value=\"Kh\u00e1c\" \/><span class=\"wpcf7-list-item-label\">Kh\u00e1c<\/span><\/label><\/span><\/span><\/span>\n\t\t\t\t<\/p>\n\t\t\t<\/td>\n\t\t<\/tr>\n\t\t<tr>\n\t\t\t<th style=\"width: 20%;\">\n\t\t\t\t<p><span><span style=\"font-size: 10pt;\">N\u1ed9i dung li\u00ean h\u1ec7<\/span> <span style=\"font-size: 10pt; color: #ff0000;\">*<\/span><\/span>\n\t\t\t\t<\/p>\n\t\t\t<\/th>\n\t\t\t<td colspan=\"2\" border-right: Hidden;\">\n\t\t\t\t<p><span style=\"font-size: 10pt;\"><span class=\"wpcf7-form-control-wrap\" data-name=\"your-message\"><textarea cols=\"40\" rows=\"10\" maxlength=\"2000\" class=\"wpcf7-form-control wpcf7-textarea wpcf7-validates-as-required\" aria-required=\"true\" aria-invalid=\"false\" placeholder=\"Vui l\u00f2ng nh\u1eadp\" name=\"your-message\"><\/textarea><\/span><\/span>\n\t\t\t\t<\/p>\n\t\t\t<\/td>\n\t\t<\/tr>\n\t\t<tr>\n\t\t\t<th style=\"width: 20%;\">\n\t\t\t\t<p><span style=\"font-size: 10pt;\">Vui l\u00f2ng \u0111i\u1ec1n n\u1ed9i dung trong ngo\u1eb7c \u300c\u3000\u300d<span style=\"font-size: 10pt; color: #ff0000;\">*<\/span><br \/>\nGi\u1ea3i ph\u00e1p ch\u1ed1ng spam<br \/>\n<\/span>\n\t\t\t\t<\/p>\n\t\t\t<\/th>\n\t\t\t<td style=\"width: 65%; border-right: Hidden;\">\n\t\t\t\t<p><span style=\"font-size: 10pt;\"><span class=\"wpcf7-form-control-wrap\" data-name=\"quiz-990\"><label><span class=\"wpcf7-quiz-label\">\u300cn165\u300d<\/span> <input size=\"40\" class=\"wpcf7-form-control wpcf7-quiz\" autocomplete=\"off\" aria-required=\"true\" aria-invalid=\"false\" type=\"text\" name=\"quiz-990\" \/><\/label><input type=\"hidden\" name=\"_wpcf7_quiz_answer_quiz-990\" value=\"24c18e43413d07ef86aee62190dfe4ca\" \/><\/span><\/span>\n\t\t\t\t<\/p>\n\t\t\t<\/td>\n\t\t\t<td style=\"width: 15%;\">\n\t\t\t<\/td>\n\t\t<\/tr>\n\t<\/tbody>\n<\/table>\n<p><span style=\"font-size: 10pt;\"><br \/>\n<span class=\"wpcf7-form-control-wrap\" data-name=\"acceptance-442\"><span class=\"wpcf7-form-control wpcf7-acceptance\"><span class=\"wpcf7-list-item\"><input type=\"checkbox\" name=\"acceptance-442\" value=\"1\" class=\"spam1\" aria-invalid=\"false\" \/><\/span><\/span><\/span> C\u1eeda s\u1ed5 x\u00e1c nh\u1eadn s\u1ebd kh\u00f4ng hi\u1ec3n th\u1ecb. Vui l\u00f2ng \u0111\u1ecdc k\u1ef9 n\u1ed9i dung tr\u01b0\u1edbc khi g\u1eedi.<br \/>\n<\/span><br \/>\n<input class=\"wpcf7-form-control wpcf7-submit has-spinner\" type=\"submit\" value=\"X\u00e1c nh\u1eadn g\u1eedi n\u1ed9i dung tr\u00ean.\" \/>\n<\/p><div class=\"wpcf7-response-output\" aria-hidden=\"true\"><\/div>\n<\/form>\n<\/div>\n\n","protected":false},"excerpt":{"rendered":"<p>Xin vui l\u00f2ng \u0111i\u1ec1n chi ti\u1ebft b\u00ean d\u01b0\u1edbi. C\u00e1c m\u1ee5c c\u00f3 d\u1ea5u * l\u00e0 n\u1ed9i dung b\u1eaft bu\u1ed9c &nbsp;<\/p>\n","protected":false},"author":2,"featured_media":0,"parent":0,"menu_order":7,"comment_status":"closed","ping_status":"closed","template":"","meta":{"footnotes":""},"class_list":["post-75","page","type-page","status-publish","hentry"],"_links":{"self":[{"href":"https:\/\/ots06.co.jp\/odv\/vi\/wp-json\/wp\/v2\/pages\/75","targetHints":{"allow":["GET"]}}],"collection":[{"href":"https:\/\/ots06.co.jp\/odv\/vi\/wp-json\/wp\/v2\/pages"}],"about":[{"href":"https:\/\/ots06.co.jp\/odv\/vi\/wp-json\/wp\/v2\/types\/page"}],"author":[{"embeddable":true,"href":"https:\/\/ots06.co.jp\/odv\/vi\/wp-json\/wp\/v2\/users\/2"}],"replies":[{"embeddable":true,"href":"https:\/\/ots06.co.jp\/odv\/vi\/wp-json\/wp\/v2\/comments?post=75"}],"version-history":[{"count":4,"href":"https:\/\/ots06.co.jp\/odv\/vi\/wp-json\/wp\/v2\/pages\/75\/revisions"}],"predecessor-version":[{"id":200,"href":"https:\/\/ots06.co.jp\/odv\/vi\/wp-json\/wp\/v2\/pages\/75\/revisions\/200"}],"wp:attachment":[{"href":"https:\/\/ots06.co.jp\/odv\/vi\/wp-json\/wp\/v2\/media?parent=75"}],"curies":[{"name":"wp","href":"https:\/\/api.w.org\/{rel}","templated":true}]}}