{"id":66,"date":"2020-09-17T15:56:27","date_gmt":"2020-09-17T06:56:27","guid":{"rendered":"https:\/\/ots06.co.jp\/odv\/vi\/?page_id=66"},"modified":"2020-09-18T09:50:28","modified_gmt":"2020-09-18T00:50:28","slug":"staff","status":"publish","type":"page","link":"https:\/\/ots06.co.jp\/odv\/vi\/staff\/","title":{"rendered":"\u0110\u1ed9i ng\u0169 nh\u00e2n vi\u00ean"},"content":{"rendered":"<p>\u0110\u1ed9i ng\u0169 nh\u00e2n vi\u00ean \u0111\u01b0\u1ee3c tuy\u1ec3n ch\u1ecdn t\u1eeb c\u00e1c tr\u01b0\u1eddng \u0111\u1ea1i h\u1ecdc uy t\u00edn nh\u01b0 \u0110\u1ea1i h\u1ecdc B\u00e1ch Khoa H\u1ed3 Ch\u00ed Minh, \u0110\u1ea1i h\u1ecdc S\u01b0 Ph\u1ea1m K\u1ef9 thu\u1eadt, v\u1edbi t\u1ec9 l\u1ec7 c\u1ea1nh tranh tr\u00ean 10 l\u1ea7n t\u1ea1o n\u00ean \u0111\u1ed9i ng\u0169 nh\u00e2n vi\u00ean \u01b0u t\u00fa. Tr\u01b0\u1edfng nh\u00f3m thi\u1ebft k\u1ebf c\u00f3 th\u1ec3 giao ti\u1ebfp b\u1eb1ng ti\u1ebfng nh\u1eadt t\u1ed1t, tr\u00ecnh \u0111\u1ed9 k\u1ef9 thu\u1eadt cao c\u00f3 th\u1ec3 th\u1ea5u hi\u1ec3u c\u00e1c ti\u00eau chu\u1ea9n k\u1ef9 thu\u1eadt c\u1ee7a nh\u1eadt.<\/p>\n<p>Ngo\u00e0i ra, v\u1edbi s\u1ef1 qu\u1ea3n l\u00fd c\u1ee7a ngu\u1eddi nh\u1eadt, c\u00e1c cu\u1ed9c h\u1ecdp \u0111\u1ecbnh k\u1ef3 h\u00e0ng tu\u1ea7n, c\u00e1c quy \u0111\u1ecbnh v\u1ec1 b\u1ea3o m\u1eadt, ch\u00fang t\u00f4i \u0111\u1ea3m b\u1ea3o cung c\u1ea5p cho Qu\u00fd kh\u00e1ch h\u00e0ng c\u00e1c s\u1ea3n ph\u1ea9m c\u00f3 gi\u00e1 tr\u1ecb c ao v\u00e0 ch\u1ea5t l\u01b0\u1ee3ng s\u1ea3n ph\u1ea9m ng\u00e0y c\u00e0ng \u0111\u01b0\u1ee3c n\u00e2ng cao.<\/p>\n<p>&nbsp;<\/p>\n<table style=\"width: 100%; border-collapse: collapse; border-style: hidden;\">\n<tbody>\n<tr>\n<td style=\"width: 100%;\"><img loading=\"lazy\" decoding=\"async\" src=\"https:\/\/ots06.co.jp\/odv\/wordpress\/wp-content\/uploads\/2020\/03\/DSC_0015-300x169.jpg\" width=\"300\" height=\"169\" class=\"size-medium alignleft\" \/><\/td>\n<\/tr>\n<\/tbody>\n<\/table>\n","protected":false},"excerpt":{"rendered":"<p>\u0110\u1ed9i ng\u0169 nh\u00e2n vi\u00ean \u0111\u01b0\u1ee3c tuy\u1ec3n ch\u1ecdn t\u1eeb c\u00e1c tr\u01b0\u1eddng \u0111\u1ea1i h\u1ecdc uy t\u00edn nh\u01b0 \u0110\u1ea1i h\u1ecdc B\u00e1ch Khoa H\u1ed3 Ch\u00ed Minh, \u0110\u1ea1i h\u1ecdc S\u01b0 Ph\u1ea1m K\u1ef9 thu\u2026<\/p>\n","protected":false},"author":2,"featured_media":0,"parent":0,"menu_order":8,"comment_status":"closed","ping_status":"closed","template":"","meta":{"footnotes":""},"class_list":["post-66","page","type-page","status-publish","hentry"],"_links":{"self":[{"href":"https:\/\/ots06.co.jp\/odv\/vi\/wp-json\/wp\/v2\/pages\/66","targetHints":{"allow":["GET"]}}],"collection":[{"href":"https:\/\/ots06.co.jp\/odv\/vi\/wp-json\/wp\/v2\/pages"}],"about":[{"href":"https:\/\/ots06.co.jp\/odv\/vi\/wp-json\/wp\/v2\/types\/page"}],"author":[{"embeddable":true,"href":"https:\/\/ots06.co.jp\/odv\/vi\/wp-json\/wp\/v2\/users\/2"}],"replies":[{"embeddable":true,"href":"https:\/\/ots06.co.jp\/odv\/vi\/wp-json\/wp\/v2\/comments?post=66"}],"version-history":[{"count":3,"href":"https:\/\/ots06.co.jp\/odv\/vi\/wp-json\/wp\/v2\/pages\/66\/revisions"}],"predecessor-version":[{"id":103,"href":"https:\/\/ots06.co.jp\/odv\/vi\/wp-json\/wp\/v2\/pages\/66\/revisions\/103"}],"wp:attachment":[{"href":"https:\/\/ots06.co.jp\/odv\/vi\/wp-json\/wp\/v2\/media?parent=66"}],"curies":[{"name":"wp","href":"https:\/\/api.w.org\/{rel}","templated":true}]}}