{"id":64,"date":"2020-09-17T15:55:49","date_gmt":"2020-09-17T06:55:49","guid":{"rendered":"https:\/\/ots06.co.jp\/odv\/vi\/?page_id=64"},"modified":"2020-09-17T15:56:01","modified_gmt":"2020-09-17T06:56:01","slug":"confidential","status":"publish","type":"page","link":"https:\/\/ots06.co.jp\/odv\/vi\/strength\/confidential\/","title":{"rendered":"Quy \u0111\u1ecbnh b\u1ea3o m\u1eadt"},"content":{"rendered":"<p>V\u1edbi c\u00e1c cu\u1ed9c h\u1ecdp \u0111\u00ecnh k\u1ef3 h\u00e0ng tu\u1ea7n v\u00e0 c\u00e1c quy \u0111\u1ecbnh v\u1ec1 b\u1ea3o m\u1eadt trong c\u00f4ng ty, QU\u00fd kh\u00e1ch h\u00e0ng ho\u00e0n to\u00e0n an t\u00e2m v\u1ec1 c\u00e1c s\u00e1ng ki\u1ebfn ph\u00e1t tri\u1ec3n s\u1ea3n ph\u1ea9m, c\u00e1c n\u00f3 m\u1eadt c\u00f4ng ngh\u1ec7 c\u0169ng nh\u01b0 c\u00e1c th\u00f4ng tin v\u1ec1 c\u00e1 nh\u00e2n c\u1ee7a Qu\u00fd kh\u00e1ch \u0111u\u1ee3c b\u1ea3o m\u1eadt tuy\u1ec7t \u0111\u1ed1i.<\/p>\n<h4 class=\"sc_heading bborder l red\"><span class=\"sc_title\">Quy \u0111\u1ecbnh x\u1eed l\u00fd c\u00e1c d\u1eef li\u1ec7u, b\u1ea3n v\u1ebd nh\u1eadn \u0111\u01b0\u1ee3c t\u1eeb kh\u00e1ch h\u00e0ng<\/span><\/h4>\n<p>N\u1ebfu kh\u00f4ng c\u00f3 ch\u1ec9 \u0111\u1ecbnh \u0111\u1eb7c bi\u1ec7t t\u1eeb kh\u00e1ch h\u00e0ng, sau 06 th\u00e0ng b\u00e0n giao d\u1eef li\u1ec7u, to\u00e0n b\u1ed9 c\u00e1c d\u1eef li\u1ec7u c\u1ee7a kh\u00e1ch h\u00e0ng s\u1ebd \u0111\u01b0\u1ee3c xo\u00e1 b\u1ecf ho\u00e0n to\u00e0n, c\u00e1c b\u1ea3n v\u1ebd gi\u1ea5y c\u0169ng \u0111\u01b0\u1ee3c c\u1eaft b\u1ecf.<\/p>\n<p>Nh\u00e2n vi\u00ean, ngo\u1ea1i tr\u1eeb c\u00e1c qu\u1ea3n l\u00fd c\u00f3 th\u1ea9m quy\u1ec1n tuy\u1ec7t \u0111\u1ed1i kh\u00f4ng \u0111\u01b0\u1ee3c s\u1eed d\u1ee5ng USD, CD-ROM.<br \/>\nVi\u1ec7c s\u1eed d\u1ee5ng internet c\u0169ng b\u1ecb h\u1ea1n ch\u1ebf ngo\u1ea1i tr\u1eeb c\u00e1c nh\u00e2n vi\u00ean ch\u1ecbu tr\u00e1ch nhi\u1ec7m \u0111\u01b0\u1ee3c ch\u1ec9 \u0111\u1ecbnh.<\/p>\n<p>&nbsp;<\/p>\n<h4 class=\"sc_heading bborder l red\"><span class=\"sc_title\">N\u1ed9i quy c\u00f4ng ty<\/span><\/h4>\n<p><strong>\u0110\u01b0\u1ee3c quy \u0111\u1ecbnh trong h\u1ee3p \u0111\u1ed3ng lao \u0111\u1ed9ng v\u00e0 c\u00e1c bu\u1ed5i \u0111\u00e0o t\u1ea1o nh\u00e2n vi\u00ean<\/strong><\/p>\n<p>Nh\u1eefng th\u00f4ng tin c\u00f3 \u0111\u01b0\u1ee3c t\u1eeb kh\u00e1ch h\u00e0ng v\u00e0 c\u1ee7a n\u1ed9i b\u1ed9 c\u00f4ng ty nh\u01b0 c\u00e1c b\u1ea3n v\u1ebd , c\u00e1c d\u1eef li\u1ec7u , c\u00e1c th\u00f4ng tin c\u1ee7a kh\u00e1ch h\u00e0ng... to\u00e0n b\u1ed9 kh\u00f4ng \u0111\u01b0\u1ee3c ph\u00e9p ti\u1ebft l\u1ed9 ra b\u00ean ngo\u00e0i.<br \/>\nNgo\u00e0i ra, kh\u00f4ng \u0111\u01b0\u1ee3c ph\u00e9p \u0111em ra kh\u1ecfi c\u00f4ng ty c\u00e1c t\u00e0i li\u1ec7u, b\u1ea3n v\u1ebd bao g\u1ed3m vi\u1ec7c g\u1eedi d\u1eef li\u1ec7u qua internet, ho\u1eb7c ti\u1ebft l\u1ed9 cho b\u00ean th\u1ee9 ba.<\/p>\n<p>&nbsp;<\/p>\n<h4 class=\"sc_heading bborder l red\"><span class=\"sc_title\">H\u1ee3p \u0111\u1ed3ng b\u1ea3o m\u1eadt v\u1edbi kh\u00e1ch h\u00e0ng<\/span><\/h4>\n<p>Th\u00f4ng b\u00e1o to\u00e0n b\u1ed9 n\u1ed9i dung c\u1ee7a h\u1ee3p \u0111\u1ed3ng b\u1ea3o m\u1eadt cho to\u00e0n b\u1ed9 nh\u00e2n vi\u00ean bi\u1ebft v\u00e0 quy \u0111\u1ecbnh th\u1ef1c hi\u1ec7n nghi\u00eam t\u00fac.<\/p>\n","protected":false},"excerpt":{"rendered":"<p>V\u1edbi c\u00e1c cu\u1ed9c h\u1ecdp \u0111\u00ecnh k\u1ef3 h\u00e0ng tu\u1ea7n v\u00e0 c\u00e1c quy \u0111\u1ecbnh v\u1ec1 b\u1ea3o m\u1eadt trong c\u00f4ng ty, QU\u00fd kh\u00e1ch h\u00e0ng ho\u00e0n to\u00e0n an t\u00e2m v\u1ec1 c\u00e1c s\u00e1ng\u2026<\/p>\n","protected":false},"author":2,"featured_media":0,"parent":40,"menu_order":1,"comment_status":"closed","ping_status":"closed","template":"","meta":{"footnotes":""},"class_list":["post-64","page","type-page","status-publish","hentry"],"_links":{"self":[{"href":"https:\/\/ots06.co.jp\/odv\/vi\/wp-json\/wp\/v2\/pages\/64","targetHints":{"allow":["GET"]}}],"collection":[{"href":"https:\/\/ots06.co.jp\/odv\/vi\/wp-json\/wp\/v2\/pages"}],"about":[{"href":"https:\/\/ots06.co.jp\/odv\/vi\/wp-json\/wp\/v2\/types\/page"}],"author":[{"embeddable":true,"href":"https:\/\/ots06.co.jp\/odv\/vi\/wp-json\/wp\/v2\/users\/2"}],"replies":[{"embeddable":true,"href":"https:\/\/ots06.co.jp\/odv\/vi\/wp-json\/wp\/v2\/comments?post=64"}],"version-history":[{"count":2,"href":"https:\/\/ots06.co.jp\/odv\/vi\/wp-json\/wp\/v2\/pages\/64\/revisions"}],"predecessor-version":[{"id":102,"href":"https:\/\/ots06.co.jp\/odv\/vi\/wp-json\/wp\/v2\/pages\/64\/revisions\/102"}],"up":[{"embeddable":true,"href":"https:\/\/ots06.co.jp\/odv\/vi\/wp-json\/wp\/v2\/pages\/40"}],"wp:attachment":[{"href":"https:\/\/ots06.co.jp\/odv\/vi\/wp-json\/wp\/v2\/media?parent=64"}],"curies":[{"name":"wp","href":"https:\/\/api.w.org\/{rel}","templated":true}]}}