{"id":62,"date":"2020-09-17T15:43:51","date_gmt":"2020-09-17T06:43:51","guid":{"rendered":"https:\/\/ots06.co.jp\/odv\/vi\/?page_id=62"},"modified":"2024-10-14T18:14:37","modified_gmt":"2024-10-14T09:14:37","slug":"cad-drawing","status":"publish","type":"page","link":"https:\/\/ots06.co.jp\/odv\/vi\/services\/cad-drawing\/","title":{"rendered":"D\u1ecbch v\u1ee5 t\u1ea1o b\u1ea3n v\u1ebd l\u1eafp, b\u1ea3n v\u1ebd chi ti\u1ebft"},"content":{"rendered":"<p><span style=\"font-size: 14pt;\"><strong>D\u1ecbch v\u1ee5 t\u1ea1o b\u1ea3n v\u1ebd l\u1eafp, b\u1ea3n v\u1ebd chi ti\u1ebft, danh s\u00e1ch c\u00e1c chi ti\u1ebft t\u1eeb b\u1ea3n v\u1ebd c\u01a1 c\u1ea5u<\/strong><\/span><\/p>\n<p>Qu\u00fd kh\u00e1ch h\u00e3y l\u00ean \u00fd t\u01b0\u1edfng v\u00e0 thi\u1ebft k\u1ebf c\u01a1 c\u1ea5u, c\u00f2n ph\u1ea7n vi\u1ec7c c\u01a1 b\u00e1p nh\u01b0 b\u00f3c t\u00e1ch b\u1ea3n v\u1ebd, t\u1ea1o b\u1ea3n v\u1ebd chi ti\u1ebft th\u00ec h\u00e3y giao cho ch\u00fang t\u00f4i<\/p>\n<p>&nbsp;<\/p>\n<h4 class=\"sc_heading bborder l red\"><span class=\"sc_title\">H\u00e3y li\u00ean h\u1ec7 v\u1edbi ch\u00fang t\u00f4i<\/span><\/h4>\n<p>Ch\u00fang t\u00f4i s\u1eb3n s\u00e0ng l\u1eafng nghe nh\u1eefng v\u1ea5n \u0111\u1ec1 c\u1ee7a Qu\u00fd kh\u00e1ch v\u00e0 \u0111\u01b0a ra nh\u1eefng ph\u01b0\u01a1ng \u00e1n ph\u00f9 h\u1ee3p nh\u1ea5t.<\/p>\n<p>H\u00e3y tr\u1ea3i nghi\u1ec7m d\u1ecbch v\u1ee5 ch\u1ea5t l\u01b0\u1ee3ng Nh\u1eadt B\u1ea3n gi\u00e1\u00a0 th\u00e0nh Vi\u1ec7t Nam<\/p>\n<p>&nbsp;<\/p>\n<h4 class=\"sc_heading bborder l red\"><span class=\"sc_title\">H\u00ecnh \u1ea3nh minh ho\u1ea1 : B\u00f3c t\u00e1ch b\u1ea3n v\u1ebd<\/span><\/h4>\n<table border=\"1\" style=\"width: 100%; border-collapse: collapse; border-style: hidden;\">\n<tbody>\n<tr>\n<td style=\"width: 100%;\"><img loading=\"lazy\" decoding=\"async\" src=\"https:\/\/ots06.co.jp\/odv\/wordpress\/wp-content\/uploads\/2020\/04\/2D-1-2.png\" width=\"812\" height=\"580\" class=\"aligncenter size-medium\" \/><\/td>\n<\/tr>\n<\/tbody>\n<\/table>\n<p>&nbsp;<\/p>\n<p><img loading=\"lazy\" decoding=\"async\" data-src=\"https:\/\/ots06.co.jp\/odv\/wordpress\/wp-content\/uploads\/2020\/04\/2D-2-2.png\" width=\"812\" height=\"580\" class=\"aligncenter size-medium lazyload\" \/><\/p>\n<p>&nbsp;<\/p>\n<h4 class=\"sc_heading bborder l red\"><span class=\"sc_title\">H\u00ecnh \u1ea3nh minh ho\u1ea1 : T\u1ea1o b\u1ea3n v\u1ebd 2D t\u1eeb m\u00f4 h\u00ecnh 3D<\/span><\/h4>\n<table border=\"1\" style=\"width: 100%; border-collapse: collapse; border-style: hidden;\">\n<tbody>\n<tr>\n<td style=\"width: 100%;\"><img loading=\"lazy\" decoding=\"async\" data-src=\"https:\/\/ots06.co.jp\/odv\/wordpress\/wp-content\/uploads\/2024\/10\/3DModelTo2D005.jpg\" width=\"812\" height=\"580\" class=\"aligncenter size-medium lazyload\" \/><\/td>\n<\/tr>\n<\/tbody>\n<\/table>\n<p>&nbsp;<\/p>\n<table border=\"1\" style=\"width: 100%; border-collapse: collapse; border-style: hidden;\">\n<tbody>\n<tr>\n<td style=\"width: 100%;\"><img loading=\"lazy\" decoding=\"async\" data-src=\"https:\/\/ots06.co.jp\/odv\/wordpress\/wp-content\/uploads\/2024\/10\/3DModelTo2D001.jpg\" width=\"812\" height=\"580\" class=\"aligncenter size-medium lazyload\" \/><\/td>\n<\/tr>\n<\/tbody>\n<\/table>\n<p>&nbsp;<\/p>\n<table border=\"1\" style=\"width: 100%; border-collapse: collapse; border-style: hidden;\">\n<tbody>\n<tr>\n<td style=\"width: 100%;\"><img loading=\"lazy\" decoding=\"async\" data-src=\"https:\/\/ots06.co.jp\/odv\/wordpress\/wp-content\/uploads\/2024\/10\/3DModelTo2D006.jpg\" width=\"812\" height=\"580\" class=\"aligncenter size-medium lazyload\" \/><\/td>\n<\/tr>\n<\/tbody>\n<\/table>\n<p>&nbsp;<\/p>\n<h4 class=\"sc_heading bborder l red\"><span class=\"sc_title\">H\u00ecnh \u1ea3nh minh ho\u1ea1 : T\u1ea1o b\u1ea3n v\u1ebd chi ti\u1ebft t\u1eeb b\u1ea3n v\u1ebd l\u1eafp <\/span><\/h4>\n<table border=\"1\" style=\"width: 100%; border-collapse: collapse; border-style: hidden;\">\n<tbody>\n<tr>\n<td style=\"width: 100%;\"><img loading=\"lazy\" decoding=\"async\" data-src=\"https:\/\/ots06.co.jp\/odv\/wordpress\/wp-content\/uploads\/2024\/10\/2DAssyTo2DPart005.jpg\" width=\"812\" height=\"580\" class=\"aligncenter size-medium lazyload\" \/><\/td>\n<\/tr>\n<\/tbody>\n<\/table>\n<p>&nbsp;<\/p>\n<table border=\"1\" style=\"width: 100%; border-collapse: collapse; border-style: hidden;\">\n<tbody>\n<tr>\n<td style=\"width: 100%;\"><img loading=\"lazy\" decoding=\"async\" data-src=\"https:\/\/ots06.co.jp\/odv\/wordpress\/wp-content\/uploads\/2024\/10\/2DAssyTo2DPart003.jpg\" width=\"812\" height=\"580\" class=\"aligncenter size-medium lazyload\" \/><\/td>\n<\/tr>\n<\/tbody>\n<\/table>\n<p>&nbsp;<\/p>\n<table border=\"1\" style=\"width: 100%; border-collapse: collapse; border-style: hidden;\">\n<tbody>\n<tr>\n<td style=\"width: 100%;\"><img loading=\"lazy\" decoding=\"async\" data-src=\"https:\/\/ots06.co.jp\/odv\/wordpress\/wp-content\/uploads\/2024\/10\/2DAssyTo2DPart004.jpg\" width=\"812\" height=\"580\" class=\"aligncenter size-medium lazyload\" \/><\/td>\n<\/tr>\n<\/tbody>\n<\/table>\n<p>&nbsp;<\/p>\n<table border=\"1\" style=\"width: 100%; border-collapse: collapse; border-style: hidden;\">\n<tbody>\n<tr>\n<td style=\"width: 100%;\"><img loading=\"lazy\" decoding=\"async\" data-src=\"https:\/\/ots06.co.jp\/odv\/wordpress\/wp-content\/uploads\/2024\/10\/2DAssyTo2DPart002.jpg\" width=\"812\" height=\"580\" class=\"aligncenter size-medium lazyload\" \/><\/td>\n<\/tr>\n<\/tbody>\n<\/table>\n<p>&nbsp;<\/p>\n<table border=\"1\" style=\"width: 100%; border-collapse: collapse; border-style: hidden;\">\n<tbody>\n<tr>\n<td style=\"width: 100%;\"><img loading=\"lazy\" decoding=\"async\" data-src=\"https:\/\/ots06.co.jp\/odv\/wordpress\/wp-content\/uploads\/2024\/10\/2DAssyTo2DPart001.jpg\" width=\"812\" height=\"580\" class=\"aligncenter size-medium lazyload\" \/><\/td>\n<\/tr>\n<\/tbody>\n<\/table>\n<p>&nbsp;<\/p>\n<h4 class=\"sc_heading bborder l red\"><span class=\"sc_title\">H\u00ecnh \u1ea3nh minh ho\u1ea1 : D\u1ef1ng m\u00f4 h\u00ecnh 3D t\u1eeb b\u1ea3n v\u1ebd 2D<\/span><\/h4>\n<table border=\"1\" style=\"width: 100%; border-collapse: collapse; border-style: hidden;\">\n<tbody>\n<tr>\n<td style=\"width: 100%;\"><img loading=\"lazy\" decoding=\"async\" data-src=\"https:\/\/ots06.co.jp\/odv\/wordpress\/wp-content\/uploads\/2024\/10\/2DTo3DModel004.jpg\" width=\"812\" height=\"580\" class=\"aligncenter size-medium lazyload\" \/><\/td>\n<\/tr>\n<\/tbody>\n<\/table>\n<p>&nbsp;<\/p>\n<table border=\"1\" style=\"width: 100%; border-collapse: collapse; border-style: hidden;\">\n<tbody>\n<tr>\n<td style=\"width: 100%;\"><img loading=\"lazy\" decoding=\"async\" data-src=\"https:\/\/ots06.co.jp\/odv\/wordpress\/wp-content\/uploads\/2024\/10\/2DTo3DModel003.jpg\" width=\"812\" height=\"580\" class=\"aligncenter size-medium lazyload\" \/><\/td>\n<\/tr>\n<\/tbody>\n<\/table>\n<p>&nbsp;<\/p>\n<table border=\"1\" style=\"width: 100%; border-collapse: collapse; border-style: hidden;\">\n<tbody>\n<tr>\n<td style=\"width: 100%;\"><img loading=\"lazy\" decoding=\"async\" data-src=\"https:\/\/ots06.co.jp\/odv\/wordpress\/wp-content\/uploads\/2024\/10\/2DTo3DModel002.jpg\" width=\"812\" height=\"580\" class=\"aligncenter size-medium lazyload\" \/><\/td>\n<\/tr>\n<\/tbody>\n<\/table>\n<p>&nbsp;<\/p>\n<table border=\"1\" style=\"width: 100%; border-collapse: collapse; border-style: hidden;\">\n<tbody>\n<tr>\n<td style=\"width: 100%;\"><img loading=\"lazy\" decoding=\"async\" data-src=\"https:\/\/ots06.co.jp\/odv\/wordpress\/wp-content\/uploads\/2024\/10\/2DTo3DModel001.jpg\" width=\"812\" height=\"580\" class=\"aligncenter size-medium lazyload\" \/><\/td>\n<\/tr>\n<\/tbody>\n<\/table>\n<p>&nbsp;<\/p>\n","protected":false},"excerpt":{"rendered":"<p>D\u1ecbch v\u1ee5 t\u1ea1o b\u1ea3n v\u1ebd l\u1eafp, b\u1ea3n v\u1ebd chi ti\u1ebft, danh s\u00e1ch c\u00e1c chi ti\u1ebft t\u1eeb b\u1ea3n v\u1ebd c\u01a1 c\u1ea5u Qu\u00fd kh\u00e1ch h\u00e3y l\u00ean \u00fd t\u01b0\u1edfng v\u00e0 thi\u1ebft k\u1ebf c\u2026<\/p>\n","protected":false},"author":2,"featured_media":0,"parent":34,"menu_order":3,"comment_status":"closed","ping_status":"closed","template":"","meta":{"footnotes":""},"class_list":["post-62","page","type-page","status-publish","hentry"],"_links":{"self":[{"href":"https:\/\/ots06.co.jp\/odv\/vi\/wp-json\/wp\/v2\/pages\/62","targetHints":{"allow":["GET"]}}],"collection":[{"href":"https:\/\/ots06.co.jp\/odv\/vi\/wp-json\/wp\/v2\/pages"}],"about":[{"href":"https:\/\/ots06.co.jp\/odv\/vi\/wp-json\/wp\/v2\/types\/page"}],"author":[{"embeddable":true,"href":"https:\/\/ots06.co.jp\/odv\/vi\/wp-json\/wp\/v2\/users\/2"}],"replies":[{"embeddable":true,"href":"https:\/\/ots06.co.jp\/odv\/vi\/wp-json\/wp\/v2\/comments?post=62"}],"version-history":[{"count":5,"href":"https:\/\/ots06.co.jp\/odv\/vi\/wp-json\/wp\/v2\/pages\/62\/revisions"}],"predecessor-version":[{"id":222,"href":"https:\/\/ots06.co.jp\/odv\/vi\/wp-json\/wp\/v2\/pages\/62\/revisions\/222"}],"up":[{"embeddable":true,"href":"https:\/\/ots06.co.jp\/odv\/vi\/wp-json\/wp\/v2\/pages\/34"}],"wp:attachment":[{"href":"https:\/\/ots06.co.jp\/odv\/vi\/wp-json\/wp\/v2\/media?parent=62"}],"curies":[{"name":"wp","href":"https:\/\/api.w.org\/{rel}","templated":true}]}}