{"id":56,"date":"2020-09-17T15:43:14","date_gmt":"2020-09-17T06:43:14","guid":{"rendered":"https:\/\/ots06.co.jp\/odv\/vi\/?page_id=56"},"modified":"2024-10-14T17:36:34","modified_gmt":"2024-10-14T08:36:34","slug":"cad-3d","status":"publish","type":"page","link":"https:\/\/ots06.co.jp\/odv\/vi\/services\/cad-3d\/","title":{"rendered":"D\u1ecbch v\u1ee5 t\u1ea1o b\u1ea3n v\u1ebd 3D Modeling"},"content":{"rendered":"<p>G\u1ea7n \u0111\u00e2y, c\u00e1c c\u00f4ng ty qu\u1ea3n l\u00fd b\u1ea3n v\u1ebd b\u1eb1ng 3D ng\u00e0y m\u1ed9t t\u0103ng. \u0110\u1ed1i v\u1edbi c\u00e1c kh\u00e1ch h\u00e0ng \u0111\u00e3 quen s\u1eed d\u1ee5ng b\u1ea3n v\u1ebd 2D th\u00ec\u00a0 vi\u1ec7c chuy\u1ec3n \u0111\u1ed5i t\u1eeb b\u1ea3n v\u1ebd 2D sang 3D g\u1eb7p nhi\u1ec1u kh\u00f3 kh\u0103n. Kh\u00e1c v\u1edbi Nh\u1eadt B\u1ea3n, Vi\u1ec7t Nam \u0111\u00e3 quen v\u1edbi vi\u1ec7c thi\u1ebft k\u1ebf b\u1eb1ng 3D.<\/p>\n<p>N\u1ebfu Qu\u00fd kh\u00e1ch g\u1eb7p kh\u00f3 kh\u0103n trong vi\u1ec7c chuy\u1ec3n \u0111\u1ed5i d\u1eef li\u1ec7u 2D sang 3D \u0111\u1ec3 cung c\u1ea5p cho kh\u00e1ch h\u00e0ng th\u00ec \u0111\u1eebng ng\u1eebng ng\u1ea1i li\u00ean h\u1ec7 v\u1edbi ch\u00fang t\u00f4i. Nh\u00e2n vi\u00ean chuy\u00ean d\u1ee5ng c\u1ee7a ch\u00fang t\u00f4i s\u1eb5n s\u00e0ng ph\u1ee5c v\u1ee5 Qu\u00fd kh\u00e1ch v\u1edbi tinh th\u1ea7n tr\u00e1ch nhi\u1ec7m cao.<\/p>\n<h4 class=\"sc_heading bborder l red\"><span class=\"sc_title\">H\u00ecnh \u1ea3nh minh ho\u1ea1 : T\u1ea1o b\u1ea3n v\u1ebd 3D t\u1eeb b\u1ea3n v\u1ebd tay<\/span><\/h4>\n<table border=\"1\" style=\"width: 100%; border-collapse: collapse; border-style: hidden;\">\n<tbody>\n<tr>\n<td style=\"width: 100%;\"><img loading=\"lazy\" decoding=\"async\" src=\"https:\/\/ots06.co.jp\/odv\/wordpress\/wp-content\/uploads\/2020\/04\/3D1-1-1.png\" width=\"636\" height=\"359\" class=\"aligncenter size-medium\" \/><\/td>\n<\/tr>\n<\/tbody>\n<\/table>\n<p>&nbsp;<\/p>\n<table border=\"1\" style=\"width: 100%; border-collapse: collapse; border-style: hidden;\">\n<tbody>\n<tr>\n<td style=\"width: 100%;\"><img loading=\"lazy\" decoding=\"async\" data-src=\"https:\/\/ots06.co.jp\/odv\/wordpress\/wp-content\/uploads\/2020\/04\/3D1-2-1.png\" width=\"636\" height=\"359\" class=\"aligncenter size-medium lazyload\" \/><\/td>\n<\/tr>\n<\/tbody>\n<\/table>\n<p>&nbsp;<\/p>\n<table border=\"1\" style=\"width: 100%; border-collapse: collapse; border-style: hidden;\">\n<tbody>\n<tr>\n<td style=\"width: 100%;\"><img loading=\"lazy\" decoding=\"async\" data-src=\"https:\/\/ots06.co.jp\/odv\/wordpress\/wp-content\/uploads\/2024\/10\/HandDrawingTo3D_6.jpg\" width=\"636\" height=\"359\" class=\"aligncenter size-medium lazyload\" \/><\/td>\n<\/tr>\n<\/tbody>\n<\/table>\n<p>&nbsp;<\/p>\n<table border=\"1\" style=\"width: 100%; border-collapse: collapse; border-style: hidden;\">\n<tbody>\n<tr>\n<td style=\"width: 100%;\"><img loading=\"lazy\" decoding=\"async\" data-src=\"https:\/\/ots06.co.jp\/odv\/wordpress\/wp-content\/uploads\/2024\/10\/HandDrawingTo3D_5.jpg\" width=\"636\" height=\"359\" class=\"aligncenter size-medium lazyload\" \/><\/td>\n<\/tr>\n<\/tbody>\n<\/table>\n<p>&nbsp;<\/p>\n<table border=\"1\" style=\"width: 100%; border-collapse: collapse; border-style: hidden;\">\n<tbody>\n<tr>\n<td style=\"width: 100%;\"><img loading=\"lazy\" decoding=\"async\" data-src=\"https:\/\/ots06.co.jp\/odv\/wordpress\/wp-content\/uploads\/2024\/10\/HandDrawingTo3D_4.jpg\" width=\"636\" height=\"359\" class=\"aligncenter size-medium lazyload\" \/><\/td>\n<\/tr>\n<\/tbody>\n<\/table>\n<p>&nbsp;<\/p>\n<table border=\"1\" style=\"width: 100%; border-collapse: collapse; border-style: hidden;\">\n<tbody>\n<tr>\n<td style=\"width: 100%;\"><img loading=\"lazy\" decoding=\"async\" data-src=\"https:\/\/ots06.co.jp\/odv\/wordpress\/wp-content\/uploads\/2024\/10\/HandDrawingTo3D_3.jpg\" width=\"636\" height=\"359\" class=\"aligncenter size-medium lazyload\" \/><\/td>\n<\/tr>\n<\/tbody>\n<\/table>\n<p>&nbsp;<\/p>\n<table border=\"1\" style=\"width: 100%; border-collapse: collapse; border-style: hidden;\">\n<tbody>\n<tr>\n<td style=\"width: 100%;\"><img loading=\"lazy\" decoding=\"async\" data-src=\"https:\/\/ots06.co.jp\/odv\/wordpress\/wp-content\/uploads\/2024\/10\/HandDrawingTo3D_2.jpg\" width=\"636\" height=\"359\" class=\"aligncenter size-medium lazyload\" \/><\/td>\n<\/tr>\n<\/tbody>\n<\/table>\n<p>&nbsp;<\/p>\n<table border=\"1\" style=\"width: 100%; border-collapse: collapse; border-style: hidden;\">\n<tbody>\n<tr>\n<td style=\"width: 100%;\"><img loading=\"lazy\" decoding=\"async\" data-src=\"https:\/\/ots06.co.jp\/odv\/wordpress\/wp-content\/uploads\/2024\/10\/HandDrawingTo3D_1.jpg\" width=\"636\" height=\"359\" class=\"aligncenter size-medium lazyload\" \/><\/td>\n<\/tr>\n<\/tbody>\n<\/table>\n<h4 class=\"sc_heading bborder l red\"><span class=\"sc_title\">H\u00ecnh \u1ea3nh minh ho\u1ea1 : T\u1ea1o b\u1ea3n v\u1ebd 3D t\u1eeb b\u1ea3n v\u1ebd 2D<\/span><\/h4>\n<table border=\"1\" style=\"width: 100%; border-collapse: collapse; border-style: hidden;\">\n<tbody>\n<tr>\n<td style=\"width: 100%;\"><img loading=\"lazy\" decoding=\"async\" data-src=\"https:\/\/ots06.co.jp\/odv\/wordpress\/wp-content\/uploads\/2020\/04\/3D2-1.png\" width=\"636\" height=\"359\" class=\"aligncenter size-medium lazyload\" \/><\/td>\n<\/tr>\n<\/tbody>\n<\/table>\n<table border=\"1\" style=\"width: 100%; border-collapse: collapse; border-style: hidden;\">\n<tbody>\n<tr>\n<td style=\"width: 100%;\"><img loading=\"lazy\" decoding=\"async\" data-src=\"https:\/\/ots06.co.jp\/odv\/wordpress\/wp-content\/uploads\/2020\/04\/3D2-2.png\" width=\"636\" height=\"353\" class=\"aligncenter size-medium lazyload\" \/><\/td>\n<\/tr>\n<\/tbody>\n<\/table>\n<p>&nbsp;<\/p>\n<table border=\"1\" style=\"width: 100%; border-collapse: collapse; border-style: hidden;\">\n<tbody>\n<tr>\n<td style=\"width: 100%;\"><img loading=\"lazy\" decoding=\"async\" data-src=\"https:\/\/ots06.co.jp\/odv\/wordpress\/wp-content\/uploads\/2020\/04\/3D2-3.png\" width=\"636\" height=\"353\" class=\"aligncenter size-medium lazyload\" \/><\/td>\n<\/tr>\n<\/tbody>\n<\/table>\n","protected":false},"excerpt":{"rendered":"<p>G\u1ea7n \u0111\u00e2y, c\u00e1c c\u00f4ng ty qu\u1ea3n l\u00fd b\u1ea3n v\u1ebd b\u1eb1ng 3D ng\u00e0y m\u1ed9t t\u0103ng. \u0110\u1ed1i v\u1edbi c\u00e1c kh\u00e1ch h\u00e0ng \u0111\u00e3 quen s\u1eed d\u1ee5ng b\u1ea3n v\u1ebd 2D th\u00ec\u00a0 vi\u1ec7c ch\u2026<\/p>\n","protected":false},"author":2,"featured_media":0,"parent":34,"menu_order":2,"comment_status":"closed","ping_status":"closed","template":"","meta":{"footnotes":""},"class_list":["post-56","page","type-page","status-publish","hentry"],"_links":{"self":[{"href":"https:\/\/ots06.co.jp\/odv\/vi\/wp-json\/wp\/v2\/pages\/56","targetHints":{"allow":["GET"]}}],"collection":[{"href":"https:\/\/ots06.co.jp\/odv\/vi\/wp-json\/wp\/v2\/pages"}],"about":[{"href":"https:\/\/ots06.co.jp\/odv\/vi\/wp-json\/wp\/v2\/types\/page"}],"author":[{"embeddable":true,"href":"https:\/\/ots06.co.jp\/odv\/vi\/wp-json\/wp\/v2\/users\/2"}],"replies":[{"embeddable":true,"href":"https:\/\/ots06.co.jp\/odv\/vi\/wp-json\/wp\/v2\/comments?post=56"}],"version-history":[{"count":8,"href":"https:\/\/ots06.co.jp\/odv\/vi\/wp-json\/wp\/v2\/pages\/56\/revisions"}],"predecessor-version":[{"id":220,"href":"https:\/\/ots06.co.jp\/odv\/vi\/wp-json\/wp\/v2\/pages\/56\/revisions\/220"}],"up":[{"embeddable":true,"href":"https:\/\/ots06.co.jp\/odv\/vi\/wp-json\/wp\/v2\/pages\/34"}],"wp:attachment":[{"href":"https:\/\/ots06.co.jp\/odv\/vi\/wp-json\/wp\/v2\/media?parent=56"}],"curies":[{"name":"wp","href":"https:\/\/api.w.org\/{rel}","templated":true}]}}