{"id":52,"date":"2020-09-17T15:42:34","date_gmt":"2020-09-17T06:42:34","guid":{"rendered":"https:\/\/ots06.co.jp\/odv\/vi\/?page_id=52"},"modified":"2020-09-20T15:49:10","modified_gmt":"2020-09-20T06:49:10","slug":"cad-contract","status":"publish","type":"page","link":"https:\/\/ots06.co.jp\/odv\/vi\/services\/cad-contract\/","title":{"rendered":"D\u1ecbch v\u1ee5 gia c\u00f4ng b\u1ea3n v \u1ebd CAD"},"content":{"rendered":"<h4 class=\"sc_heading bborder l red\"><span class=\"sc_title\">T\u1ea1o b\u1ea3n v\u1ebd CAD t\u1eeb b\u1ea3n v\u1ebd tay<\/span><\/h4>\n<p>Qu\u00fd kh\u00e1ch h\u00e0ng c\u00f3 nhu c\u1ea7u chuy\u1ec3n \u0111\u1ed7i b\u1ea3n v\u1ebd tay x\u01b0a c\u0169 , b\u1ea3n v \u1ebd gi\u1ea5ysang b\u1ea3n v\u1ebd d\u1eef li\u1ec7u CAD.\u00a0 Trong khi \u0111\u00f3 nh\u00e2n l\u1ef1c t\u1ea1i c\u00f4ng ty\u00a0 \u0111ang\u00a0 thi\u1ebfuv\u00e0 vi\u1ec7c n\u00e0y l\u1ea1i m\u1ea5t nhi\u1ec1u th\u1eddi gian.<\/p>\n<p>Ch\u00fang t\u00f4i c\u00f3 \u0111\u1ed9i ng\u0169 nh\u00e2n vi\u00ean \u01b0u t\u00fa \u0111\u01b0\u1ee3c tuy\u1ec3n ch\u1ecdn t\u1eeb c\u00e1c tr\u01b0\u1eddng \u0111\u1ea1i h\u1ecdc uy t\u00edn khu v\u1ef1c Th\u00e0nh ph\u1ed1 H\u1ed3 Ch\u00ed Minh s\u1eb5n s\u00e0ng \u0111\u1ea3m nhi\u1ec7m c\u00f4ng vi\u1ec7c n\u00e0y cho Qu\u00fd kh\u00e1ch. Ch\u00fang t\u00f4i c\u00f3 th\u1ec3 giao ti\u1ebfp b\u1eb1ng ti\u1ebfng Nh\u1eadt n\u00ean Qu\u00fd kh\u00e1ch ho\u00e0n to\u00e0n c\u00f3 th\u1ec3 y\u00ean t\u00e2m. D\u1ecbch v\u1ee5 ch\u00fang t\u00f4i cung c\u1ea5p ch\u1ec9 b\u1eb1ng 1\/2 gi\u00e1 th\u00e0nh t\u1ea1i Nh\u1eadt.<\/p>\n<p>V\u1edbi b\u1ea3n v\u1ebd CAD, Qu\u00fd kh\u00e1ch c\u00f3 th\u1ec3 qu\u1ea3n l\u00fd d\u1ec5 d\u00e0ng g\u1ecdn nh\u1eb9 h\u01a1n 1\/3 so v\u1edbi vi\u1ec7c qu\u1ea3n l\u00fd b\u1ea3n v\u1ebd gi\u1ea5y.<\/p>\n<p><span style=\"font-size: 14pt; color: #0000ff;\">Kh\u00f4ng ch\u1ec9 l\u00e0 b\u1ea3n v\u1ebd tay, c\u00e1c b\u1ea3n v\u1ebd photo c\u0169ng ho\u00e0n to\u00e0n c\u00f3 th\u1ec3 chuy\u1ec3n sang b\u1ea3n v\u1ebd CAD.<\/span><\/p>\n<p>&nbsp;<\/p>\n<h4 class=\"sc_heading bborder l red\"><span class=\"sc_title\">Tr\u00ecnh t\u1ef1 \u0111\u01a1n h\u00e0ng t\u1eeb B\u00e1o gi\u00e1 \u0111\u1ebfn ho\u00e0n th\u00e0nh g\u1eedi d\u1eef li\u1ec7u<\/span><\/h4>\n<p>&nbsp;<\/p>\n<div class=\"sc_frame_wrap onframe black\">\n<div class=\"sc_frame_title\">Bu\u1edbc 1: Nh\u1eadn d\u1eef li\u1ec7u, b\u1ea3n v\u1ebd ( D\u1eef li\u1ec7u b\u00e1o gi\u00e1)<\/div>\n<div class=\"sc_frame \">\n<div class=\"sc_frame_text\">H\u00e3y g\u1eedi cho ch\u00fang t\u00f4i d\u1eef li\u1ec7u m\u00e0 qu\u00fd kh\u00e1ch mu\u1ed1n chuy\u1ec3n sang d\u1eef li\u1ec7u CAD b\u1eb1ng mail, data deliver , dropbox, skydrive, skype, ..... \u0111\u1ed3ng th\u1eddi th\u00f4ng b\u00e1o cho ch\u00fang t\u00f4i lo\u1ea1i h\u00ecnh d\u1eef li\u1ec7u m\u00e0 qu\u00fd kh\u00e1ch mong mu\u1ed1n.<\/div>\n<\/div>\n<\/div>\n<p>&nbsp;<\/p>\n<div class=\"sc_frame_wrap onframe black\">\n<div class=\"sc_frame_title\">Bu\u1edbc 2: B\u00e1o gi\u00e1<\/div>\n<div class=\"sc_frame \">\n<div class=\"sc_frame_text\">Ch\u00fang t\u00f4i s\u1ebd g\u1eedi b\u00e1o gi\u00e1 cho Qu\u00fd Kh\u00e1ch d\u1ef1a theo kh\u1ed1i l\u01b0\u1ee3ng d\u1eef li\u1ec7u \u0111\u00e3 nh\u1eadn \u0111\u01b0\u1ee3c.<br \/>\n<span style=\"font-size: 14pt;\"><strong><span style=\"color: #0000ff;\">N\u1ebfu \u0111\u1ed3ng \u00fd v\u1edbi b\u00e1o gi\u00e1, vui l\u00f2ng g\u1eedi \u0111\u01a1n \u0111\u1eb7t h\u00e0ng ch\u00ednh th\u1ee9c cho ch\u00fang t\u00f4i.<\/span><\/strong><\/span><\/div>\n<\/div>\n<\/div>\n<p>&nbsp;<\/p>\n<div class=\"sc_frame_wrap onframe black\">\n<div class=\"sc_frame_title\">B\u01b0\u1edbc 3: G\u1eedi d\u1eef li\u1ec7u c\u1ea7n th\u1ef1c hi\u1ec7n ( d\u1eef li\u1ec7u ch\u00ednh th\u1ee9c )<\/div>\n<div class=\"sc_frame \">\n<div class=\"sc_frame_text\">Tu\u1ef3 thu\u1ed9c v\u00e0o m\u00f4i tr\u01b0\u1eddng c\u1ee7a kh\u00e1ch h\u00e0ng, ch\u00fang t\u00f4i nh\u1eadn d\u1eef li\u1ec7u qua :<\/div>\n<div><\/div>\n<ul>\n<li>Mail<\/li>\n<li>Data deliver<\/li>\n<li>Dropbox<\/li>\n<li>Skydrive<\/li>\n<li>Skype<\/li>\n<li>B\u01b0u ph\u1ea9m qu\u1ed1c t\u1ebf<\/li>\n<li>Kh\u00e1c<\/li>\n<\/ul>\n<\/div>\n<\/div>\n<p>&nbsp;<\/p>\n<div class=\"sc_frame_wrap onframe black\">\n<div class=\"sc_frame_title\">B\u01b0\u1edbc 4 : Th\u1ef1c hi\u1ec7n v\u1ebd v\u00e0 ki\u1ec3m tra<\/div>\n<div class=\"sc_frame \">\n<div class=\"sc_frame_text\">\n<p>Qua c\u00e1c bu\u1ed5i t\u1eadp hu\u1ea5n b\u00ean trong v\u00e0 b\u00ean ngo\u00e0i c\u00f4ng ty, ch\u00fang t\u00f4i cung c\u1ea5p d\u1ecbch v\u1ee5 v\u1edbi t\u1ed1c \u0111\u1ed9 nhanh v\u00e0 ch\u00ednh x\u00e1c nh\u1ea5t<\/p>\n<\/div>\n<\/div>\n<\/div>\n<p>&nbsp;<\/p>\n<div class=\"sc_frame_wrap onframe black\">\n<div class=\"sc_frame_title\">B\u01b0\u1edbc 5 : B\u00e0n giao d\u1ef1 li\u1ec7u - Ki\u1ec3m tra - Thanh to\u00e1n<\/div>\n<div class=\"sc_frame \">\n<div class=\"sc_frame_text\">G\u1eedi d\u1eef li\u1ec7u cho Qu\u00fd kh\u00e1ch theo \u0111\u00fang \u0111\u1ecbnh d\u1ea1ng y\u00eau c\u1ea7u. Trong tr\u01b0\u1eddng h\u1ee3p c\u00f3 sai s\u00f3t x\u1ea3y ra, ch\u00fang t\u00f4i s\u1ebd l\u1eadp t\u1ee9c x\u1eed l\u00fd ngay khi nh\u1eadn \u0111u\u1ee3c ph\u1ea3n h\u1ed3i.<br \/>\nPh\u01b0\u01a1ng th\u1ee9c thanh to\u00e1n : \u0111\u1ed3ng Y\u00ean Nh\u1eadt ho\u1eb7c \u0111\u1ed3ng \u0111\u00f4 la M\u1ef9.<\/div>\n<\/div>\n<\/div>\n<p>&nbsp;<\/p>\n<p style=\"text-align: right;\"><a href=\"https:\/\/ots06.co.jp\/odv\/vi\/works\">\u0110\u1ebfn trang C\u00e1c d\u01b0 \u00e1n \u0111\u00e3 ho\u00e0n th\u00e0nh<\/a><span class=\"sc_content_icon\" style=\"color: #000000; font-size: 16px;\"><i class=\"fa fa-arrow-circle-right\" aria-hidden=\"true\"><span>fa-arrow-circle-right<\/span><\/i><\/span><\/p>\n<p style=\"text-align: right;\"><a href=\"https:\/\/ots06.co.jp\/odv\/vi\/contact\/\">\u0110\u1ebfn Trang li\u00ean h\u1ec7<\/a><span class=\"sc_content_icon\" style=\"color: #000000; font-size: 16px;\"><i class=\"fa fa-arrow-circle-right\" aria-hidden=\"true\"><span>fa-arrow-circle-right<\/span><\/i><\/span><\/p>\n","protected":false},"excerpt":{"rendered":"<p>T\u1ea1o b\u1ea3n v\u1ebd CAD t\u1eeb b\u1ea3n v\u1ebd tay Qu\u00fd kh\u00e1ch h\u00e0ng c\u00f3 nhu c\u1ea7u chuy\u1ec3n \u0111\u1ed7i b\u1ea3n v\u1ebd tay x\u01b0a c\u0169 , b\u1ea3n v \u1ebd gi\u1ea5ysang b\u1ea3n v\u1ebd d\u1eef li\u1ec7u CA\u2026<\/p>\n","protected":false},"author":2,"featured_media":0,"parent":34,"menu_order":1,"comment_status":"closed","ping_status":"closed","template":"","meta":{"footnotes":""},"class_list":["post-52","page","type-page","status-publish","hentry"],"_links":{"self":[{"href":"https:\/\/ots06.co.jp\/odv\/vi\/wp-json\/wp\/v2\/pages\/52","targetHints":{"allow":["GET"]}}],"collection":[{"href":"https:\/\/ots06.co.jp\/odv\/vi\/wp-json\/wp\/v2\/pages"}],"about":[{"href":"https:\/\/ots06.co.jp\/odv\/vi\/wp-json\/wp\/v2\/types\/page"}],"author":[{"embeddable":true,"href":"https:\/\/ots06.co.jp\/odv\/vi\/wp-json\/wp\/v2\/users\/2"}],"replies":[{"embeddable":true,"href":"https:\/\/ots06.co.jp\/odv\/vi\/wp-json\/wp\/v2\/comments?post=52"}],"version-history":[{"count":7,"href":"https:\/\/ots06.co.jp\/odv\/vi\/wp-json\/wp\/v2\/pages\/52\/revisions"}],"predecessor-version":[{"id":171,"href":"https:\/\/ots06.co.jp\/odv\/vi\/wp-json\/wp\/v2\/pages\/52\/revisions\/171"}],"up":[{"embeddable":true,"href":"https:\/\/ots06.co.jp\/odv\/vi\/wp-json\/wp\/v2\/pages\/34"}],"wp:attachment":[{"href":"https:\/\/ots06.co.jp\/odv\/vi\/wp-json\/wp\/v2\/media?parent=52"}],"curies":[{"name":"wp","href":"https:\/\/api.w.org\/{rel}","templated":true}]}}