{"id":49,"date":"2020-09-17T15:57:45","date_gmt":"2020-09-17T06:57:45","guid":{"rendered":"https:\/\/ots06.co.jp\/odv\/vi\/?page_id=49"},"modified":"2025-07-02T11:12:25","modified_gmt":"2025-07-02T02:12:25","slug":"company","status":"publish","type":"page","link":"https:\/\/ots06.co.jp\/odv\/vi\/company\/","title":{"rendered":"Th\u00f4ng tin c\u00f4ng ty"},"content":{"rendered":"<p><img loading=\"lazy\" decoding=\"async\" src=\"https:\/\/ots06.co.jp\/odv\/vi\/wordpress\/wp-content\/uploads\/2024\/10\/Text-3_V3-scaled.jpg\" alt=\"\" width=\"1024\" height=\"203\" class=\"wp-image-216 aligncenter\" \/><\/p>\n<p>&nbsp;<\/p>\n<h4 class=\"sc_heading bborder l red\"><span class=\"sc_title\">Tri\u1ebft l\u00fd kinh doanh<\/span><\/h4>\n<p><strong>\u300e Tho\u1ea3 m\u00e3n m\u1ecdi nhu c\u1ea7u c\u1ee7a qu\u00fd kh\u00e1ch h\u00e0ng qua c\u00e1c m\u00e1y m\u00f3c thi\u1ebft b\u1ecb cuan c\u1ea5p \u300f<\/strong><\/p>\n<p>C\u00f4ng ty ch\u00fang t\u00f4i cung c\u1ea5p c\u00e1c m\u00e1y m\u00f3c, thi\u1ebft b\u1ecb tho\u1ea3 m\u00e3n m\u1ecdi nhu c\u1ea7u c\u1ee7a kh\u00e1ch h\u00e0ng.<br \/>\nCh\u00fang t\u00f4i cung c\u1ea5p c\u00e1c m\u00e1y m\u00f3c thi\u1ebft b\u1ecb, \u0111\u1ed3 g\u00e1 \u0111\u00e1p \u1ee9ng m\u1ecdi nhu c\u1ea7u trong s\u1ea3n xu\u1ea5t c\u1ee7a qu\u00fd kh\u00e1ch h\u00e0ng, \u0111em \u0111\u1ebfn s\u1ef1 tho\u1ea3 m\u00e3n cho qu\u00fd kh\u00e1ch h\u00e0ng.<\/p>\n<p>&nbsp;<\/p>\n<h4 class=\"sc_heading bborder l red\"><span class=\"sc_title\">Th\u00f4ng tin c\u00f4ng ty<\/span><\/h4>\n<div><span class=\"sc_title\">\u00a0<\/span><\/div>\n<table style=\"width: 100%; border-collapse: collapse; background-color: #eaf4ff; height: 314px;\">\n<tbody>\n<tr style=\"height: 46px;\">\n<td style=\"width: 30%; height: 46px;\">T\u00ean c\u00f4ng ty<\/td>\n<td style=\"width: 70%; height: 46px;\">C\u00d4NG TY TNHH THI\u1ebeT B\u1eca OTS VI\u1ec6T NAM<\/td>\n<\/tr>\n<tr>\n<td style=\"width: 30%; height: 46px;\">\u0110\u1ecba ch\u1ec9<\/td>\n<td style=\"width: 70%; height: 46px;\">T\u1ea7ng 1, To\u00e0 nh\u00e0 Vinaconex, 47 \u0110i\u1ec7n Bi\u00ean Ph\u1ee7, Ph\u01b0\u1eddng T\u00e2n \u0110\u1ecbnh, Tp. H\u1ed3 Ch\u00ed Minh, Vi\u1ec7t Nam<\/td>\n<\/tr>\n<tr style=\"height: 46px;\">\n<td style=\"width: 30%; height: 46px;\">\u0110i\u1ec7n tho\u1ea1i<\/td>\n<td style=\"width: 70%; height: 46px;\">+84-28-3911-0176, 0177 (Ti\u1ebfng nh\u1eadt OK)<\/td>\n<\/tr>\n<tr style=\"height: 46px;\">\n<td style=\"width: 30%; height: 46px;\">Ng\u00e0y th\u00e0nh l\u1eadp<\/td>\n<td style=\"width: 70%; height: 46px;\">12\/2013<\/td>\n<\/tr>\n<tr style=\"height: 46px;\">\n<td style=\"width: 30%; height: 46px;\">V\u1ed1n \u0111i\u1ec1u l\u1ec7<\/td>\n<td style=\"width: 70%; height: 46px;\">120,000 USD<\/td>\n<\/tr>\n<tr style=\"height: 46px;\">\n<td style=\"width: 30%; height: 46px;\">Gi\u00e1m \u0111\u1ed1c \u0111\u1ea1i di\u1ec7n<\/td>\n<td style=\"width: 70%; height: 46px;\">Koichi Tsuruoka<\/td>\n<\/tr>\n<\/tbody>\n<\/table>\n<p>&nbsp;<\/p>\n<h4 class=\"sc_heading bborder l red\"><span class=\"sc_title\">Ch\u1ee9ng ch\u1ec9 ISO9001:2015<\/span><\/h4>\n<table style=\"width: 100%; border-collapse: collapse; border-style: hidden;\">\n<tbody>\n<tr>\n<td style=\"width: 50%; border-right: Hidden;\"><img loading=\"lazy\" decoding=\"async\" data-src=\"https:\/\/ots06.co.jp\/odv\/wordpress\/wp-content\/uploads\/2020\/04\/iso-c-211x300.jpg\" width=\"211\" height=\"300\" class=\"aligncenter size-medium lazyload\" \/><\/td>\n<td style=\"width: 50%;\">\u0110\u1ea1t ch\u1ee9ng nh\u1eadn ISO9001:2015 cho l\u1ecbnh v\u1ef1c thi\u1ebft k\u1ebf v\u00e0o th\u00e1ng 02\/2020.<\/p>\n<p>Ch\u00fang t\u00f4i cam k\u1ebft cung c\u1ea5p \u0111\u1ebfn Qu\u00fd kh\u00e1ch h\u00e0ng d\u1ecbch v\u1ee5 thi\u1ebft k\u1ebf s\u1ea3n ph\u1ea9m ch\u1ea5t l\u01b0\u1ee3ng cao.<\/td>\n<\/tr>\n<\/tbody>\n<\/table>\n<p>&nbsp;<\/p>\n<h4 class=\"sc_heading bborder l red\"><span class=\"sc_title\" style=\"font-size: 12pt;\">H\u1ed9i vi\u00ean Hi\u1ec7p H\u1ed9i Doanh nghi\u1ec7p Nh\u1eadt B\u1ea3nTh\u00e0nh ph\u1ed1 H\u1ed3 Ch\u00ed Minh (JCCH)<\/span><\/h4>\n<table style=\"width: 100%; border-collapse: collapse; border-style: hidden;\">\n<tbody>\n<tr>\n<td style=\"width: 50%; border-right: Hidden;\"><img loading=\"lazy\" decoding=\"async\" data-src=\"https:\/\/ots06.co.jp\/odv\/wordpress\/wp-content\/uploads\/2020\/04\/jcch-c-211x300.jpg\" width=\"211\" height=\"300\" class=\"aligncenter size-medium lazyload\" \/><\/td>\n<td style=\"width: 50%;\">Tr\u1edf th\u00e0nh h\u1ed9i vi\u00ean ch\u00ednh th\u1ee9c c\u1ee7a Hi\u1ec7p H\u1ed9i Doanh Nghi\u1ec7p Nh\u1eadt B\u1ea3n Khu v\u1ef1c Th\u00e0nh ph\u1ed1 H\u1ed3 Ch\u00ed MInh v\u00e0o th\u00e1ng 07\/2019.<\/td>\n<\/tr>\n<\/tbody>\n<\/table>\n","protected":false},"excerpt":{"rendered":"<p>&nbsp; Tri\u1ebft l\u00fd kinh doanh \u300e Tho\u1ea3 m\u00e3n m\u1ecdi nhu c\u1ea7u c\u1ee7a qu\u00fd kh\u00e1ch h\u00e0ng qua c\u00e1c m\u00e1y m\u00f3c thi\u1ebft b\u1ecb cuan c\u1ea5p \u300f C\u00f4ng ty ch\u00fang t\u2026<\/p>\n","protected":false},"author":2,"featured_media":0,"parent":0,"menu_order":6,"comment_status":"closed","ping_status":"closed","template":"","meta":{"footnotes":""},"class_list":["post-49","page","type-page","status-publish","hentry"],"_links":{"self":[{"href":"https:\/\/ots06.co.jp\/odv\/vi\/wp-json\/wp\/v2\/pages\/49","targetHints":{"allow":["GET"]}}],"collection":[{"href":"https:\/\/ots06.co.jp\/odv\/vi\/wp-json\/wp\/v2\/pages"}],"about":[{"href":"https:\/\/ots06.co.jp\/odv\/vi\/wp-json\/wp\/v2\/types\/page"}],"author":[{"embeddable":true,"href":"https:\/\/ots06.co.jp\/odv\/vi\/wp-json\/wp\/v2\/users\/2"}],"replies":[{"embeddable":true,"href":"https:\/\/ots06.co.jp\/odv\/vi\/wp-json\/wp\/v2\/comments?post=49"}],"version-history":[{"count":12,"href":"https:\/\/ots06.co.jp\/odv\/vi\/wp-json\/wp\/v2\/pages\/49\/revisions"}],"predecessor-version":[{"id":226,"href":"https:\/\/ots06.co.jp\/odv\/vi\/wp-json\/wp\/v2\/pages\/49\/revisions\/226"}],"wp:attachment":[{"href":"https:\/\/ots06.co.jp\/odv\/vi\/wp-json\/wp\/v2\/media?parent=49"}],"curies":[{"name":"wp","href":"https:\/\/api.w.org\/{rel}","templated":true}]}}