{"id":44,"date":"2020-09-17T15:57:04","date_gmt":"2020-09-17T06:57:04","guid":{"rendered":"https:\/\/ots06.co.jp\/odv\/vi\/?page_id=44"},"modified":"2024-10-10T18:06:35","modified_gmt":"2024-10-10T09:06:35","slug":"factory","status":"publish","type":"page","link":"https:\/\/ots06.co.jp\/odv\/vi\/factory\/","title":{"rendered":"Nh\u00e0 x\u01b0\u1edfng"},"content":{"rendered":"<h2 class=\"sc_heading bborder l red\"><span class=\"sc_title\">Nh\u00e0 X\u01b0\u1edfng \u0110ang Trong Qu\u00e1 Tr\u00ecnh Tri\u1ec3n Khai M\u1edbi<br \/>\n<\/span><\/h2>\n<h4 class=\"sc_heading bborder l red\"><span class=\"sc_title\">Khung c\u1ea3nh l\u00e0m vi\u1ec7c<\/span><\/h4>\n<p>&nbsp;<\/p>\n<table style=\"width: 100%; border-collapse: collapse; border-style: hidden;\">\n<tbody>\n<tr>\n<td style=\"width: 33.3333%; border-right: Hidden;\"><img loading=\"lazy\" decoding=\"async\" src=\"https:\/\/ots06.co.jp\/odv\/wordpress\/wp-content\/uploads\/2020\/06\/work1.jpg\" width=\"600\" height=\"421\" class=\"aligncenter size-medium\" \/><\/td>\n<td style=\"width: 33.3333%; border-right: Hidden;\"><img loading=\"lazy\" decoding=\"async\" data-src=\"https:\/\/ots06.co.jp\/odv\/wordpress\/wp-content\/uploads\/2020\/06\/work2.jpg\" width=\"600\" height=\"420\" class=\"aligncenter size-medium lazyload\" \/><\/td>\n<td style=\"width: 33.3333%;\"><img loading=\"lazy\" decoding=\"async\" data-src=\"https:\/\/ots06.co.jp\/odv\/wordpress\/wp-content\/uploads\/2020\/06\/work3.jpg\" width=\"600\" height=\"420\" class=\"aligncenter size-medium lazyload\" \/><\/td>\n<\/tr>\n<\/tbody>\n<\/table>\n<p>&nbsp;<\/p>\n<div class=\"button oborder block red\" style=\"text-align: right;\"><a href=\"https:\/\/ots06.co.jp\/odv\/vi\/works\/\" class=\"midium\">\u0110\u1ebfn trang gi\u1edbi thi\u1ec7u c\u00e1c m\u00e1y \u0111\u00e3 l\u00e0m<\/a><\/div>\n","protected":false},"excerpt":{"rendered":"<p>Nh\u00e0 X\u01b0\u1edfng \u0110ang Trong Qu\u00e1 Tr\u00ecnh Tri\u1ec3n Khai M\u1edbi Khung c\u1ea3nh l\u00e0m vi\u1ec7c &nbsp; &nbsp; \u0110\u1ebfn trang gi\u1edbi thi\u1ec7u c\u00e1c m\u00e1y \u0111\u00e3 l\u00e0m<\/p>\n","protected":false},"author":2,"featured_media":0,"parent":0,"menu_order":5,"comment_status":"closed","ping_status":"closed","template":"","meta":{"footnotes":""},"class_list":["post-44","page","type-page","status-publish","hentry"],"_links":{"self":[{"href":"https:\/\/ots06.co.jp\/odv\/vi\/wp-json\/wp\/v2\/pages\/44","targetHints":{"allow":["GET"]}}],"collection":[{"href":"https:\/\/ots06.co.jp\/odv\/vi\/wp-json\/wp\/v2\/pages"}],"about":[{"href":"https:\/\/ots06.co.jp\/odv\/vi\/wp-json\/wp\/v2\/types\/page"}],"author":[{"embeddable":true,"href":"https:\/\/ots06.co.jp\/odv\/vi\/wp-json\/wp\/v2\/users\/2"}],"replies":[{"embeddable":true,"href":"https:\/\/ots06.co.jp\/odv\/vi\/wp-json\/wp\/v2\/comments?post=44"}],"version-history":[{"count":8,"href":"https:\/\/ots06.co.jp\/odv\/vi\/wp-json\/wp\/v2\/pages\/44\/revisions"}],"predecessor-version":[{"id":218,"href":"https:\/\/ots06.co.jp\/odv\/vi\/wp-json\/wp\/v2\/pages\/44\/revisions\/218"}],"wp:attachment":[{"href":"https:\/\/ots06.co.jp\/odv\/vi\/wp-json\/wp\/v2\/media?parent=44"}],"curies":[{"name":"wp","href":"https:\/\/api.w.org\/{rel}","templated":true}]}}