{"id":40,"date":"2020-09-17T15:45:06","date_gmt":"2020-09-17T06:45:06","guid":{"rendered":"https:\/\/ots06.co.jp\/odv\/vi\/?page_id=40"},"modified":"2020-09-17T15:45:21","modified_gmt":"2020-09-17T06:45:21","slug":"strength","status":"publish","type":"page","link":"https:\/\/ots06.co.jp\/odv\/vi\/strength\/","title":{"rendered":"Th\u1ebf m\u1ea1nh c\u1ee7a ch\u00fang t\u00f4i"},"content":{"rendered":"<p>T\u1eeb sau khi th\u00e0nh l\u1eadp, ch\u00fang t\u00f4i \u0111\u1ea3m b\u1ea3o cung c\u1ea5p d\u1ecbch v\u1ee5 t\u1ed1t v\u1edbi gi\u00e1 th\u00e0nh r\u1ebb v\u00e0 nh\u1eadn \u0111u\u1ee3c s\u1ef1 tin d\u00f9ng c\u1ee7a Qu\u00fd kh\u00e1ch h\u00e0ng<\/p>\n<table style=\"width: 100%; border-collapse: collapse; border-style: hidden;\">\n<tbody>\n<tr>\n<td style=\"width: 50%;\"><img loading=\"lazy\" decoding=\"async\" src=\"https:\/\/ots06.co.jp\/odv\/wordpress\/wp-content\/uploads\/2020\/04\/ISO-211x300.jpg\" width=\"211\" height=\"300\" class=\"size-medium aligncenter\" \/><\/td>\n<td style=\"width: 50%;\">\n<div class=\"sc_frame_wrap block red\">\n<div class=\"sc_frame_title\">\u0110\u1ea3m b\u1ea3o ch\u1ea5t l\u01b0\u1ee3ng cao<\/div>\n<div class=\"sc_frame \">\n<div class=\"sc_frame_text\">\n<p><strong>Thi\u1ebft k\u1ebf v\u1edbi k\u1ef9 thu\u1eadt cao<\/strong><\/p>\n<p>\u0110\u1ed9i ng\u0169 nh\u00e2n vi\u00ean c\u1ee7a ch\u00fang t\u00f4i \u0111u\u1ee3ic tuy\u1ec3n ch\u1ecdn kh\u1eafc khe t\u1eeb c\u00e1c tr\u01b0\u1eddng \u0111\u1ea1i h\u1ecdc uy t\u00edn nh\u01b0 \u0110\u1ea1i h\u1ecdc B\u00e1ch Khoa Th\u00e0nh ph\u1ed1 H\u1ed3 Ch\u00ed Minh, \u0110\u1ea1i h\u1ecdc S\u01b0 Ph\u1ea1m K\u1ef9 thu\u1eadt. Ngo\u00e0ira v\u1edbi s\u1ef1 qu\u1ea3n l\u00fd ch\u1eb7t ch\u1ebd t\u1eeb nh\u00e2n vi\u00ean qu\u1ea3n l\u00fd ng\u01b0\u1eddi nh\u1eadt, c\u00e1c c\u00f4ng vi\u1ec7c thi\u1ebft k\u1ebf \u0111\u01b0\u1ee3c th\u1ef1c hi\u1ec7n m\u1ed9t c\u00e1ch k\u0129 l\u01b0\u1ee1ng.<\/p>\n<p><a href=\"https:\/\/ots06.co.jp\/odv\/vi\/staff\/\">Xem th\u00eam<\/a><\/p>\n<\/div>\n<\/div>\n<\/div>\n<\/td>\n<\/tr>\n<\/tbody>\n<\/table>\n<p>&nbsp;<\/p>\n<table style=\"width: 100%; border-collapse: collapse; border-style: hidden;\">\n<tbody>\n<tr>\n<td style=\"width: 50%;\"><img loading=\"lazy\" decoding=\"async\" data-src=\"https:\/\/ots06.co.jp\/odv\/wordpress\/wp-content\/uploads\/2020\/03\/LCOST_logo-2.png\" width=\"285\" height=\"129\" class=\"aligncenter size-medium lazyload\" \/><\/td>\n<td style=\"width: 50%;\">\n<div class=\"sc_frame_wrap block red\">\n<div class=\"sc_frame_title\">Gi\u00e1 th\u00e0nh th\u1ea5p<\/div>\n<div class=\"sc_frame \">\n<div class=\"sc_frame_text\">\n<p><strong>C\u1eaft gi\u1ea3m \u0111\u00e1ng k\u1ec3 chi ph\u00ed<\/strong><\/p>\n<p>Vi\u1ec7c c\u1eed ph\u00e1i nh\u00e2n vi\u00ean CAD Operator ho\u1eb7c s\u1eed d\u1ee5ng d\u1ecbch v\u1ee5 b\u00ean ngo\u00e0i th v\u1eeba m\u1ea5t th\u1eddi gian v\u1eeba t\u1ed1n k\u00e9m.<br \/>\nH\u00e3y u\u1ef7 th\u00e1c nh\u1eefng c\u00f4ng vi\u1ec7c nh\u01b0 th\u1ebf cho ch\u00fang t\u00f4i \u1edf Vi\u1ec7t Nam.<br \/>\nC\u00e1c nh\u00e2n vi\u00ean ng\u01b0\u1eddi Vi\u1ec7t Nam c\u1ee7a ch\u00fang t\u00f4i s\u1ebd \u0111\u1ea3m nhi\u1ec7m th\u1ef1c hi\u1ec7n.<\/p>\n<\/div>\n<\/div>\n<\/div>\n<\/td>\n<\/tr>\n<\/tbody>\n<\/table>\n<p>&nbsp;<\/p>\n<p>&nbsp;<\/p>\n<table style=\"width: 100%; border-collapse: collapse; border-style: hidden; height: 331px;\">\n<tbody>\n<tr style=\"height: 331px;\">\n<td style=\"width: 50%; height: 331px;\"><img loading=\"lazy\" decoding=\"async\" data-src=\"https:\/\/ots06.co.jp\/odv\/wordpress\/wp-content\/uploads\/2020\/03\/handshake_logo.jpg\" width=\"624\" height=\"278\" class=\"aligncenter size-medium lazyload\" \/><\/td>\n<td style=\"width: 50%; height: 331px;\">\n<div class=\"sc_frame_wrap block red\">\n<div class=\"sc_frame_title\">Quy \u0111\u1ecbnh b\u1ea3o m\u1eadt<\/div>\n<div class=\"sc_frame \">\n<div class=\"sc_frame_text\">\n<p><strong>N\u1ed9i quy c\u00f4ng ty<\/strong><\/p>\n<p>C\u00e1c bu\u1ed5i h\u1ecdp \u0111\u1ecbnh k\u1ef3 h\u00e0ng tu\u1ea7n, c\u00e1c quy \u0111\u1ecbnh v\u1ec1 an ninh, c\u00e1c nghi\u00ean c\u1ee9u ph\u00e1t tri\u1ec3n s\u1ea3n ph\u1ea9m c\u0169ng nh\u01b0 c\u00e1c th\u00f4ng tin c\u00e1 nh\u00e2n \u0111\u01b0\u1ee3c b\u1ea3o m\u1eadt<\/p>\n<p><a href=\"https:\/\/ots06.co.jp\/odv\/vi\/strength\/confidential\/\">Xem th\u00eam<\/a><\/p>\n<\/div>\n<\/div>\n<\/div>\n<\/td>\n<\/tr>\n<\/tbody>\n<\/table>\n","protected":false},"excerpt":{"rendered":"<p>T\u1eeb sau khi th\u00e0nh l\u1eadp, ch\u00fang t\u00f4i \u0111\u1ea3m b\u1ea3o cung c\u1ea5p d\u1ecbch v\u1ee5 t\u1ed1t v\u1edbi gi\u00e1 th\u00e0nh r\u1ebb v\u00e0 nh\u1eadn \u0111u\u1ee3c s\u1ef1 tin d\u00f9ng c\u1ee7a Qu\u00fd kh\u00e1ch h\u00e0n\u2026<\/p>\n","protected":false},"author":2,"featured_media":0,"parent":0,"menu_order":4,"comment_status":"closed","ping_status":"closed","template":"","meta":{"footnotes":""},"class_list":["post-40","page","type-page","status-publish","hentry"],"_links":{"self":[{"href":"https:\/\/ots06.co.jp\/odv\/vi\/wp-json\/wp\/v2\/pages\/40","targetHints":{"allow":["GET"]}}],"collection":[{"href":"https:\/\/ots06.co.jp\/odv\/vi\/wp-json\/wp\/v2\/pages"}],"about":[{"href":"https:\/\/ots06.co.jp\/odv\/vi\/wp-json\/wp\/v2\/types\/page"}],"author":[{"embeddable":true,"href":"https:\/\/ots06.co.jp\/odv\/vi\/wp-json\/wp\/v2\/users\/2"}],"replies":[{"embeddable":true,"href":"https:\/\/ots06.co.jp\/odv\/vi\/wp-json\/wp\/v2\/comments?post=40"}],"version-history":[{"count":5,"href":"https:\/\/ots06.co.jp\/odv\/vi\/wp-json\/wp\/v2\/pages\/40\/revisions"}],"predecessor-version":[{"id":101,"href":"https:\/\/ots06.co.jp\/odv\/vi\/wp-json\/wp\/v2\/pages\/40\/revisions\/101"}],"wp:attachment":[{"href":"https:\/\/ots06.co.jp\/odv\/vi\/wp-json\/wp\/v2\/media?parent=40"}],"curies":[{"name":"wp","href":"https:\/\/api.w.org\/{rel}","templated":true}]}}