{"id":36,"date":"2020-09-17T15:44:32","date_gmt":"2020-09-17T06:44:32","guid":{"rendered":"https:\/\/ots06.co.jp\/odv\/vi\/?page_id=36"},"modified":"2020-09-17T15:44:40","modified_gmt":"2020-09-17T06:44:40","slug":"works","status":"publish","type":"page","link":"https:\/\/ots06.co.jp\/odv\/vi\/works\/","title":{"rendered":"C\u00e1c d\u1ef1 \u00e1n \u0111\u00e3 ho\u00e0n th\u00e0nh"},"content":{"rendered":"<ul>\n<li>T\u1ea1o b\u1ea3n v\u1ebd l\u1eafp m\u00e1y li\u00ean quan \u0111\u1ebfn \u00e2m thanh<\/li>\n<li>T \u1ea1o b\u1ea3n v\u1ebd 3D thi\u1ebft b\u1ecb<\/li>\n<li>T\u1ea1o b\u1ea3n v\u1ebd chi ti\u1ebft c\u00e1c thi\u1ebft b\u1ecb ch\u00e2n kh\u00f4ng<\/li>\n<li>T\u1ea3o b\u1ea3n v\u1ebd 3D thi\u1ebft b\u1ecb ch\u00e2n kh\u00f4ng<\/li>\n<li>Thi\u1ebft k\u1ebf m\u00e1y \u0111\u00e1nh b\u00f3ng lens<\/li>\n<li>B\u00f3c t\u00e1ch m\u00e1y li\u00ean quan \u0111\u1ebfn ph\u1ee5 t\u00f9ng xe<\/li>\n<li>B\u00f3c t\u00e1ch m\u00e1y ki\u1ec3m tra h\u00ecnh \u1ea3nh<\/li>\n<li>Thi\u1ebft k\u1ebf m\u00e1y \u0111\u00f3ng g\u00f3i \u1ed1c<\/li>\n<li>Thi\u1ebft k\u1ebf m\u00e1y ch\u00e8n pin t\u1ef1 \u0111\u1ed9ng<\/li>\n<li>T\u1ea1o b\u1ea3n v\u1ebd 3D m\u00e1y h\u00e0n<\/li>\n<li>Thi\u1ebft k\u1ebf m\u00e1y ki\u1ec3m tra h\u00ecnh \u1ea3nh t\u1eed \u0111\u1ed9ng b\u1eb1ng camera<\/li>\n<\/ul>\n<p>&nbsp;<\/p>\n<p>Kh\u00e1c<\/p>\n<p>&nbsp;<\/p>\n<h4 class=\"sc_heading bborder l red\"><span class=\"sc_title\">H\u00ecnh \u1ea3nh c\u00e1c m\u00e1y \u0111\u00e3 l\u00e0m<\/span><\/h4>\n<p>&nbsp;<\/p>\n<p><span style=\"font-size: 10pt;\">Thi\u1ebft b\u1ecb \u0111\u00f3ng g\u00f3i \u1ed1c v\u00e0 d\u00e1n nh\u00e3n<\/span><br \/>\n<img loading=\"lazy\" decoding=\"async\" src=\"https:\/\/ots06.co.jp\/odv\/wordpress\/wp-content\/uploads\/2020\/04\/lix.png\" width=\"686\" height=\"326\" class=\"alignnone size-medium\" \/><br \/>\n<span style=\"font-size: 10pt;\"><\/span><\/p>\n<p><span style=\"font-size: 10pt;\">M\u00e1y \u0111\u00e1nh b\u00f3ng lens<\/span><br \/>\n<img loading=\"lazy\" decoding=\"async\" data-src=\"https:\/\/ots06.co.jp\/odv\/wordpress\/wp-content\/uploads\/2020\/04\/hoy-1.png\" width=\"521\" height=\"312\" class=\"alignnone size-medium lazyload\" \/><\/p>\n<p><span style=\"font-size: 10pt;\">M\u00e1y ch\u00e8n conector pin<\/span><br \/>\n<img loading=\"lazy\" decoding=\"async\" data-src=\"https:\/\/ots06.co.jp\/odv\/wordpress\/wp-content\/uploads\/2020\/04\/pin.png\" width=\"519\" height=\"329\" class=\"alignnone size-medium lazyload\" \/><\/p>\n","protected":false},"excerpt":{"rendered":"<p>T\u1ea1o b\u1ea3n v\u1ebd l\u1eafp m\u00e1y li\u00ean quan \u0111\u1ebfn \u00e2m thanh T \u1ea1o b\u1ea3n v\u1ebd 3D thi\u1ebft b\u1ecb T\u1ea1o b\u1ea3n v\u1ebd chi ti\u1ebft c\u00e1c thi\u1ebft b\u1ecb ch\u00e2n kh\u00f4ng T\u1ea3o b\u1ea3n v\u1ebd\u2026<\/p>\n","protected":false},"author":2,"featured_media":0,"parent":0,"menu_order":3,"comment_status":"closed","ping_status":"closed","template":"","meta":{"footnotes":""},"class_list":["post-36","page","type-page","status-publish","hentry"],"_links":{"self":[{"href":"https:\/\/ots06.co.jp\/odv\/vi\/wp-json\/wp\/v2\/pages\/36","targetHints":{"allow":["GET"]}}],"collection":[{"href":"https:\/\/ots06.co.jp\/odv\/vi\/wp-json\/wp\/v2\/pages"}],"about":[{"href":"https:\/\/ots06.co.jp\/odv\/vi\/wp-json\/wp\/v2\/types\/page"}],"author":[{"embeddable":true,"href":"https:\/\/ots06.co.jp\/odv\/vi\/wp-json\/wp\/v2\/users\/2"}],"replies":[{"embeddable":true,"href":"https:\/\/ots06.co.jp\/odv\/vi\/wp-json\/wp\/v2\/comments?post=36"}],"version-history":[{"count":3,"href":"https:\/\/ots06.co.jp\/odv\/vi\/wp-json\/wp\/v2\/pages\/36\/revisions"}],"predecessor-version":[{"id":99,"href":"https:\/\/ots06.co.jp\/odv\/vi\/wp-json\/wp\/v2\/pages\/36\/revisions\/99"}],"wp:attachment":[{"href":"https:\/\/ots06.co.jp\/odv\/vi\/wp-json\/wp\/v2\/media?parent=36"}],"curies":[{"name":"wp","href":"https:\/\/api.w.org\/{rel}","templated":true}]}}