{"id":34,"date":"2020-09-12T09:31:29","date_gmt":"2020-09-12T00:31:29","guid":{"rendered":"https:\/\/ots06.co.jp\/odv\/vi\/?page_id=34"},"modified":"2022-08-23T08:49:22","modified_gmt":"2022-08-22T23:49:22","slug":"services","status":"publish","type":"page","link":"https:\/\/ots06.co.jp\/odv\/vi\/services\/","title":{"rendered":"Ng\u00e0nh ngh\u1ec1 kinh doanh"},"content":{"rendered":"<h4 class=\"sc_heading bborder l red\"><span class=\"sc_title\">D\u1ecbch v\u1ee5 gia c\u00f4ng b\u1ea3n v\u1ebd CAD<\/span><\/h4>\n<p>Ch\u00fang t\u00f4i cung c\u1ea5p d\u1ecbch v\u1ee5 gia c\u00f4ng b\u1ea3n v\u1ebd CAD t\u1eeb b\u1ea3n v\u1ebd thi\u1ebft k\u1ebf v\u1ebd tay , v\u1ebd ph\u00e1c th\u1ea3o c\u1ee7a Qu\u00fd kh\u00e1ch h\u00e0ng. B\u1ea3n v\u1ebd 3D hay b\u1ea3n v \u1ebd 2D ho\u00e0n to\u00e0n c\u1ecf th\u1ec3 chuy\u1ec3n \u0111\u1ed5i sang b\u1ea3n v\u1ebd CAD.<\/p>\n<p><a href=\"https:\/\/ots06.co.jp\/odv\/vi\/services\/cad-contract\/\">Xem th\u00eam<\/a><\/p>\n<p>&nbsp;<\/p>\n<h4 class=\"sc_heading bborder l red\"><span class=\"sc_title\">D\u1ecbch v\u1ee5 t\u1ea1o b\u1ea3n v\u1ebd 3D<\/span><\/h4>\n<p>Ch\u00fang t\u00f4i c\u00f3 th\u1ec3 t\u1ea1o b\u1ea3n v\u1ebd 3D t\u1eeb c\u00e1c b\u1ea3n v\u1ebd 2D c\u1ee7a Qu\u00fd kh\u00e1ch h\u00e0ng.<br \/>\n\u0110\u1ed9i ng\u0169 nh\u00e2n vi\u00ean ch\u00fang t\u00f4i r\u1ea5t chuy\u00ean nghi\u1ec7p trong d\u1ecbch v\u1ee5 t\u1ea1o 3D t\u1eeb b\u1ea3n v\u1ebd 2D.<\/p>\n<p><a href=\"https:\/\/ots06.co.jp\/odv\/vi\/services\/cad-3d\">Xem th\u00eam<\/a><\/p>\n<p>&nbsp;<\/p>\n<h4 class=\"sc_heading bborder l red\"><span class=\"sc_title\">D\u1ecbch v\u1ee5 t\u1ea1o b\u1ea3n v\u1ebd l\u1eafp, b\u1ea3n v\u1ebd chi ti\u1ebft<\/span><\/h4>\n<p>Ch\u00fang t\u00f4i c\u00f3 th\u1ec3 d\u1ef1ng b\u1ea3n v\u1ebd l\u1eafp t\u1eeb b\u1ea3n v\u1ebd c\u01a1 c\u1ea5u \u00fd t\u01b0\u1edfng c\u1ee7a Qu\u00fd kh\u00e1ch h\u00e0ng.<br \/>\nv\u00e0 t\u1eeb \u0111\u00f3 c\u00f3 th\u1ec3 v\u1ebd b\u1ea3n v\u1ebd chi ti\u1ebft, l\u1eadp danh s\u00e1ch chi ti\u1ebft gia c\u00f4ng, chi ti\u1ebft mua.<\/p>\n<p><a href=\"https:\/\/ots06.co.jp\/odv\/vi\/services\/cad-drawing\"><u>Xem th\u00eam<\/u><\/a><\/p>\n<p>&nbsp;<\/p>\n","protected":false},"excerpt":{"rendered":"<p>D\u1ecbch v\u1ee5 gia c\u00f4ng b\u1ea3n v\u1ebd CAD Ch\u00fang t\u00f4i cung c\u1ea5p d\u1ecbch v\u1ee5 gia c\u00f4ng b\u1ea3n v\u1ebd CAD t\u1eeb b\u1ea3n v\u1ebd thi\u1ebft k\u1ebf v\u1ebd tay , v\u1ebd ph\u00e1c th\u1ea3o c\u1ee7a \u2026<\/p>\n","protected":false},"author":2,"featured_media":0,"parent":0,"menu_order":2,"comment_status":"closed","ping_status":"closed","template":"","meta":{"footnotes":""},"class_list":["post-34","page","type-page","status-publish","hentry"],"_links":{"self":[{"href":"https:\/\/ots06.co.jp\/odv\/vi\/wp-json\/wp\/v2\/pages\/34","targetHints":{"allow":["GET"]}}],"collection":[{"href":"https:\/\/ots06.co.jp\/odv\/vi\/wp-json\/wp\/v2\/pages"}],"about":[{"href":"https:\/\/ots06.co.jp\/odv\/vi\/wp-json\/wp\/v2\/types\/page"}],"author":[{"embeddable":true,"href":"https:\/\/ots06.co.jp\/odv\/vi\/wp-json\/wp\/v2\/users\/2"}],"replies":[{"embeddable":true,"href":"https:\/\/ots06.co.jp\/odv\/vi\/wp-json\/wp\/v2\/comments?post=34"}],"version-history":[{"count":7,"href":"https:\/\/ots06.co.jp\/odv\/vi\/wp-json\/wp\/v2\/pages\/34\/revisions"}],"predecessor-version":[{"id":207,"href":"https:\/\/ots06.co.jp\/odv\/vi\/wp-json\/wp\/v2\/pages\/34\/revisions\/207"}],"wp:attachment":[{"href":"https:\/\/ots06.co.jp\/odv\/vi\/wp-json\/wp\/v2\/media?parent=34"}],"curies":[{"name":"wp","href":"https:\/\/api.w.org\/{rel}","templated":true}]}}