{"id":25,"date":"2020-09-17T15:40:06","date_gmt":"2020-09-17T06:40:06","guid":{"rendered":"https:\/\/ots06.co.jp\/odv\/vi\/wordpress\/?page_id=25"},"modified":"2020-09-18T09:52:22","modified_gmt":"2020-09-18T00:52:22","slug":"home","status":"publish","type":"page","link":"https:\/\/ots06.co.jp\/odv\/vi\/","title":{"rendered":"TRANG CH\u1ee6"},"content":{"rendered":"<p><strong><span style=\"font-size: 18pt;\">Kh\u1eafc ph\u1ee5c t\u00ecnh tr\u1ea1ng thi\u1ebfu ngu\u1ed3n nh\u00e2n l\u1ef1c t\u1ea1i Nh\u1eadt B\u1ea3n<\/span><\/strong><\/p>\n<p><strong><span style=\"font-size: 14pt;\">\u0110\u1ed9i ng\u0169 k\u0129 s\u01b0 t\u1ed1t nghi\u1ec7p t\u01b0 c\u00e1c tr\u01b0\u1eddng \u0111\u1ea1i h\u1ecdc danh ti\u1ebfng s\u1eb5n s\u00e0ng ph\u1ee5c v\u1ee5 m\u1ecdi nhu c\u1ea7u c\u1ee7a Qu\u00fd kh\u00e1ch h\u00e0ng.<\/span><\/strong><\/p>\n<p><span style=\"font-size: 14pt;\">Cung c\u1ea5p d\u1ecbch v\u1ee5 outsourcing ch\u1ea5t l\u01b0\u1ee3ng Nh\u1eadt B\u1ea3n, gi\u00e1 th\u00e0nh r\u1ebb<\/span><br \/>\n<span style=\"font-size: 14pt;\">Ch\u00fang t\u00f4i cam k\u1ebft cung\u00a0 c\u1ea5p d\u1ecbch v\u1ee5 thi\u1ebft k\u1ebf ch\u1ea5t l\u01b0\u1ee3ng Nh\u1eadt B\u1ea3n v\u1edbi chi ph\u00ed ti\u1ebft ki\u1ec7m nh\u1ea5t.<\/span><\/p>\n<div class=\"sc_frame_wrap inline red\">\n<div class=\"sc_frame_title\">L\u0128NH V\u1ef0C THI\u1ebeT K\u1ebe<\/div>\n<div class=\"sc_frame \">\n<div class=\"sc_frame_text\">Ch\u00fang t\u00f4i cung c\u1ea5p d\u1ecbch v\u1ee5 thi\u1ebft k\u1ebf m\u00e1y c\u01a1 kh\u00ed, \u0111i\u1ec7n t\u1eed v\u00e0 x\u00e2y d\u1ef1ng.<\/div>\n<\/div>\n<\/div>\n<div class=\"sc_frame_wrap inline red\">\n<div class=\"sc_frame_title\">D\u1ecaCH V\u1ee4<\/div>\n<div class=\"sc_frame \">\n<div class=\"sc_frame_text\">\n<h4 class=\"sc_heading bborder l red\"><span class=\"sc_title\">D\u1ecbch v\u1ee5 gia c\u00f4ng b\u1ea3n v\u1ebd CAD<\/span><\/h4>\n<p>Chuy\u1ec3n \u0111\u1ed5i b\u1ea3n v\u1ebd ph\u00e1c h\u1ecda, b\u1ea3n v\u1ebd tay th\u00e0nh d\u1eef li\u1ec7u b\u1ea3n v\u1ebd CAD, k\u1ec3 c\u1ea3 b\u1ea3n v\u1ebd 2D v\u00e0 b\u1ea3n v\u1ebd 3D.<\/p>\n<p><a href=\"https:\/\/ots06.co.jp\/odv\/vi\/services\/cad-contract\/\">Xem th\u00eam<\/a><\/p>\n<h4 class=\"sc_heading bborder l red\"><span class=\"sc_title\">D\u1ecbch v\u1ee5 3D modeling<\/span><\/h4>\n<p>T\u1ea1o b\u1ea3n v\u1ebd 3D Model t\u1eeb d\u1eef li\u1ec7u b\u1ea3n v\u1ebd 2D.<br \/>\nCh\u00fang t\u00f4i t\u1ef1 h\u00e0o v\u1ec1 \u0111\u1ed9i ng\u0169 k\u1ef9 s\u01b0 c\u00f3 tr\u00ecnh \u0111\u1ed9 cao trong c\u00f4ng vi\u1ec7c m\u00f4 h\u00ecnh h\u00f3a \" 3D Modeling \"<\/p>\n<p><a href=\"https:\/\/ots06.co.jp\/odv\/vi\/services\/cad-3d\/\">Xem th\u00eam<\/a><\/p>\n<h4 class=\"sc_heading bborder l red\"><span class=\"sc_title\">D\u1ecbch v\u1ee5 t\u1ea1o b\u1ea3n v\u1ebd l\u1eafp, b\u1ea3n v\u1ebd ch\u1ebf t\u1ea1o<\/span><\/h4>\n<p>T\u1eeb d\u1eef li\u1ec7u b\u1ea3n v\u1ebd c\u01a1 c\u1ea5u c\u1ee7a qu\u00fd kh\u00e1ch h\u00e0ng, ch\u00fang t\u00f4i t\u1ea1o b\u1ea3n v\u1ebd l\u1eafp,<br \/>\nb\u1ea3n v\u1ebd ch\u1ebf t\u1ea1o, danh s\u00e1ch chi ti\u1ebft mua, chi ti\u1ebft gia c\u00f4ng.<\/p>\n<p><a href=\"https:\/\/ots06.co.jp\/odv\/vi\/services\/cad-drawing\/\">Xem th\u00eam<\/a><\/p>\n<\/div>\n<\/div>\n<\/div>\n<div class=\"sc_frame_wrap inline red\">\n<div class=\"sc_frame_title\">L\u00dd DO L\u1ef0A CH\u1eccN CH\u00daNG T\u00d4I<\/div>\n<div class=\"sc_frame \">\n<div class=\"sc_frame_text\">\n<h4 class=\"sc_heading bborder l red\"><span class=\"sc_title\">\u0110\u1ea3m b\u1ea3o ch\u1ea5t l\u01b0\u1ee3ng s\u1ea3n ph\u1ea9m cao<br \/>\n<\/span><\/h4>\n<p>Ch\u00fang t\u00f4i c\u00f3 ngu\u1ed3n nh\u00e2n l\u1ef1c gi\u00e0u kinh nghi\u1ec7m, \u0111\u01b0\u1ee3c \u0111\u00e0o t\u1ea1o t\u1ea1i n\u1ed9i b\u1ed9 doanh nghi\u1ec7p v\u00e0 \u0111\u00e0o t\u1ea1o t\u1ea1i c\u00e1c kh\u00f3a h\u1ecdc nghi\u1ec7p v\u1ee5 b\u00ean ngo\u00e0i, \u0111\u1ea3m b\u1ea3o cung c\u1ea5p d\u1ecbch v\u1ee5 ch\u1ea5t l\u01b0\u1ee3ng cao<\/p>\n<p><a href=\"https:\/\/ots06.co.jp\/odv\/vi\/staff\/\">Xem th\u00eam<\/a><\/p>\n<h4 class=\"sc_heading bborder l red\"><span class=\"sc_title\">Gi\u00e1 th\u00e0nh th\u1ea5p<\/span><\/h4>\n<p>Ti\u1ebft ki\u1ec7m chi ph\u00ed \u0111\u00e1ng k\u1ec3 khi s\u1eed d\u1ee5ng d\u1ecbch v\u1ee5 thi\u1ebft k\u1ebf thu\u00ea ngo\u00e0i t\u1ea1i Vi\u1ec7t Nam<br \/>\nCh\u00fang t\u00f4i cung c\u1ea5p d\u1ecbch v\u1ee5 thi\u1ebft k\u1ebf ch\u1ea5t l\u01b0\u1ee3ng Nh\u1eadt B\u1ea3nv\u1edbi gi\u00e1 th\u00e0nh ch\u1ec9 b\u1eb1ng 1\/2 ~ 1\/3<\/p>\n<h4 class=\"sc_heading bborder l red\"><span class=\"sc_title\">Quy \u0111\u1ecbnh b\u1ea3o m\u1eadt, an to\u00e0n an t\u00e2m<\/span><\/h4>\n<p>Ch\u00fang t\u00f4i qu\u1ea3n l\u00fd v\u00e0 \u00e1p d\u1ee5ng ch\u00ednh s\u00e1ch b\u1ea3o m\u1eadt th\u00f4ng tin c\u1ee7a kh\u00e1ch h\u00e0ng trong to\u00e0n b\u1ed9 h\u1ec7 th\u1ed1ng c\u00f4ng ty.<\/p>\n<p><a href=\"https:\/\/ots06.co.jp\/odv\/vi\/strength\/confidential\/\">Xem th\u00eam<\/a><\/p>\n<\/div>\n<\/div>\n<\/div>\n<div class=\"sc_frame_wrap inline red\">\n<div class=\"sc_frame_title\">V\u1ec1 ch\u00fang t\u00f4i<\/div>\n<div class=\"sc_frame \">\n<div class=\"sc_frame_text\">C\u00f4ng ty TNHH Thi\u1ebft B\u1ecb OTS Vi\u1ec7t Nam l\u00e0 c\u00f4ng ty v\u1ed1n 100% Nh\u1eadt B\u1ea3n, do hai c\u00f4ng ty OTS CO.,LTD v\u00e0 c\u00f4ng ty FIDUCIA CO.,LTD \u0111\u1ea7u t\u01b0, \u0111u\u1ee3c th\u00e0nh l\u1eadp v\u00e0o n\u0103m 2013 t\u1ea1i th\u00e0nh ph\u1ed1 H\u1ed3 Ch\u00ed Minh, Vi\u1ec7t Nam. Ch\u00fang t\u00f4i cung c\u1ea5p d\u1ecbch v\u1ee5 thi\u1ebft k\u1ebf b\u1ea3n v\u1ebd CAD. V\u1edbi s\u1ef1 li\u00ean k\u1ebft ch\u1eb7t ch\u1ebd v\u1edbi c\u00e1c c\u00f4ng ty trong c\u00f9ng OTs Group, ch\u00fang t\u00f4i cung c\u1ea5p cho kh\u00e1ch h\u00e0ng d\u1ecbch v\u1ee5 thi\u1ebft k\u1ebf gi\u00e1 r\u1ebb v\u1edbi ch\u1ea5t lu\u1ee3ng cao.<br \/>\nN\u1ebfu Qu\u00fd kh\u00e1ch c\u1ea7n d\u1ecbch v\u1ee5 thi\u1ebft k\u1ebf v\u1edbi chi ph\u00ed ti\u1ebft ki\u1ec7m th\u00ec h\u00e3y li\u00ean h\u1ec7 v\u1edbi ch\u00fang t\u00f4i.<\/div>\n<div><\/div>\n<div class=\"sc_frame_text\"><a href=\"https:\/\/ots06.co.jp\/odv\/vi\/company\">Xem th\u00eam<\/a><\/div>\n<\/div>\n<\/div>\n","protected":false},"excerpt":{"rendered":"<p>Kh\u1eafc ph\u1ee5c t\u00ecnh tr\u1ea1ng thi\u1ebfu ngu\u1ed3n nh\u00e2n l\u1ef1c t\u1ea1i Nh\u1eadt B\u1ea3n \u0110\u1ed9i ng\u0169 k\u0129 s\u01b0 t\u1ed1t nghi\u1ec7p t\u01b0 c\u00e1c tr\u01b0\u1eddng \u0111\u1ea1i h\u1ecdc danh ti\u1ebfng s\u1eb5n s\u00e0n\u2026<\/p>\n","protected":false},"author":2,"featured_media":0,"parent":0,"menu_order":0,"comment_status":"closed","ping_status":"closed","template":"","meta":{"footnotes":""},"class_list":["post-25","page","type-page","status-publish","hentry"],"_links":{"self":[{"href":"https:\/\/ots06.co.jp\/odv\/vi\/wp-json\/wp\/v2\/pages\/25","targetHints":{"allow":["GET"]}}],"collection":[{"href":"https:\/\/ots06.co.jp\/odv\/vi\/wp-json\/wp\/v2\/pages"}],"about":[{"href":"https:\/\/ots06.co.jp\/odv\/vi\/wp-json\/wp\/v2\/types\/page"}],"author":[{"embeddable":true,"href":"https:\/\/ots06.co.jp\/odv\/vi\/wp-json\/wp\/v2\/users\/2"}],"replies":[{"embeddable":true,"href":"https:\/\/ots06.co.jp\/odv\/vi\/wp-json\/wp\/v2\/comments?post=25"}],"version-history":[{"count":16,"href":"https:\/\/ots06.co.jp\/odv\/vi\/wp-json\/wp\/v2\/pages\/25\/revisions"}],"predecessor-version":[{"id":163,"href":"https:\/\/ots06.co.jp\/odv\/vi\/wp-json\/wp\/v2\/pages\/25\/revisions\/163"}],"wp:attachment":[{"href":"https:\/\/ots06.co.jp\/odv\/vi\/wp-json\/wp\/v2\/media?parent=25"}],"curies":[{"name":"wp","href":"https:\/\/api.w.org\/{rel}","templated":true}]}}